{"id":1188,"date":"2009-02-22T04:49:49","date_gmt":"2009-02-22T09:19:49","guid":{"rendered":"http:\/\/www.sportalsub.net\/blog\/?page_id=1188"},"modified":"2020-03-27T02:14:36","modified_gmt":"2020-03-27T06:14:36","slug":"conoce","status":"publish","type":"page","link":"https:\/\/www.sportalsub.net\/blog\/conoce\/","title":{"rendered":"\ud83c\udf0e Conoce las Actividades Subacu\u00e1ticas"},"content":{"rendered":"<p style=\"text-align: center;\"><strong>Qu\u00e9 son y cuales son las modalidades de las actividades subacu\u00e1ticas<\/strong><\/p>\n<p><img decoding=\"async\" title=\"Apnea\" src=\"http:\/\/www.sportalsub.net\/portal\/images\/zoom\/MADSPA\/001.jpg\" alt=\"\" width=\"120\" \/>\u00a0<img loading=\"lazy\" decoding=\"async\" title=\"Hockey Subacu\u00e1tico\" src=\"http:\/\/www.sportalsub.net\/blog\/wp-content\/uploads\/2009\/03\/bari_hockey0005.jpg\" alt=\"\" width=\"122\" height=\"89\" \/> <img loading=\"lazy\" decoding=\"async\" title=\"Nataci\u00f3n con Aletas (Nataci\u00f3n Subacu\u00e1tica)\" src=\"http:\/\/www.sportalsub.net\/blog\/wp-content\/uploads\/2008\/09\/bari_nadosub0045.jpg\" alt=\"bari_nadosub0045 La Nataci\u00f3n con Aletas (Nataci\u00f3n Subacu\u00e1tica)\" width=\"122\" height=\"89\" \/> <img loading=\"lazy\" decoding=\"async\" title=\"Aquathlon (Lucha Subacu\u00e1tica)\" src=\"http:\/\/www.sportalsub.net\/blog\/wp-content\/uploads\/2009\/06\/aquathlon.jpg\" alt=\"\" width=\"122\" height=\"89\" \/>\u00a0<img loading=\"lazy\" decoding=\"async\" title=\"Rugby Subacu\u00e1tico\" src=\"https:\/\/fbcdn-sphotos-b-a.akamaihd.net\/hphotos-ak-ash3\/179708_10151706274317065_1250310576_n.jpg\" alt=\"\" width=\"120\" height=\"90\" \/><\/p>\n<p style=\"text-align: justify;\">Las Actividades Subacu\u00e1ticas, son todo aquel conjunto de actividades que se realizan y practican en espacios acu\u00e1ticos (mares, piscinas, lagos, r\u00edos, embalses, etc&#8230;) y cuya caracter\u00edstica principal es que la \u00a0mayor parte del tiempo, la persona que realiza la actividad se encuentra sumergida bajo el agua, de all\u00ed deriva el t\u00e9rmino \u00abActividades Subacu\u00e1ticas\u00bb.<\/p>\n<p style=\"text-align: justify;\">Desde el punto de vista del fin o el objetivo con que se realicen, pueden diferenciarse diferentes ramas de las actividades subacu\u00e1ticas, las cuales pueden ser: tur\u00edsticas, recreativas, cient\u00edficas, t\u00e9cnicas, profesionales o deportivas.<\/p>\n<p style=\"text-align: justify;\">A nivel estructural y organizativo, existen diferentes organizaciones, tanto profesionales, comerciales o sin fines de lucro que se encargan de regular, promover y desarrollar las actividades subacu\u00e1ticas en sus diferentes ramas.<\/p>\n<p style=\"text-align: justify;\">En esta secci\u00f3n encontrar\u00e1n una descripci\u00f3n de algunas de las principales modalidades de las Actividades Subacu\u00e1ticas, asi como im\u00e1genes y videos de las misas,\u00a0siendo Sportsub &amp; Sportalsub, a trav\u00e9s de su sitio web <a href=\"http:\/\/www.sportalsub.net\">www.sportalsub.net<\/a>, \u00a0una herramienta y recurso en l\u00ednea dedicado a la promoci\u00f3n y divulgaci\u00f3n de cada una de estas manifestaciones, as\u00ed como de cada una de las organizaciones que las desarrollan a nivel mundial.<\/p>\n<p><span style=\"color: #ff0000;\">La pr\u00e1ctica de las actividades subacu\u00e1ticas debe realizarse de forma segura y planificada, bajo la orientaci\u00f3n y supervisi\u00f3n de instructores o entrenadores calificados, avalados por organizaciones reconocidas en el \u00e1rea. Sportsub &amp; Sportalsub.net no pretende, con la publicaci\u00f3n de esta informaci\u00f3n,\u00a0sustituir la capacitaci\u00f3n y entrenamiento que los profesionales del \u00e1rea pueden brindar a personas que se inician en estas modalidades y no se responsabiliza por el manejo inadecuado de dicha informaci\u00f3n, la cual es publicada con fines promocionales y demostrativos para dar a conocer las actividades subacu\u00e1ticas a todas aquellas personas que se conectan a trav\u00e9s de nuestro sitio web.<\/span><\/p>\n<p style=\"text-align: justify;\">Poco a poco iremos actualizando esta secci\u00f3n y agregando la descripci\u00f3n de cada una de las modalidades.<\/p>\n<p style=\"text-align: justify;\"><strong>Principales modalidades de las Actividades Subacu\u00e1ticas<\/strong><\/p>\n<ul>\n<li><strong><a href=\"http:\/\/www.sportalsub.net\/blog\/20019\/02\/22\/apnea-buceo-libre-o-buceo-a-pulmon\/\">Apnea (Buceo Libre o Buceo a Pulm\u00f3n)<\/a><\/strong><\/li>\n<li><strong><a href=\"http:\/\/www.sportalsub.net\/blog\/2009\/06\/14\/aquathlon-lucha-subacuatica\/\">Aquathlon (Lucha Subacu\u00e1tica)<\/a><\/strong><\/li>\n<li><strong><span style=\"color: #c0c0c0;\">Buceo Adaptado<\/span><\/strong><\/li>\n<li><strong><span style=\"color: #c0c0c0;\">Buceo Deportivo de Competici\u00f3n<\/span><\/strong><\/li>\n<li><strong><span style=\"color: #c0c0c0;\">Buceo Cient\u00edfico<\/span><\/strong><\/li>\n<li><strong><span style=\"color: #c0c0c0;\">Buceo Comercial<\/span><\/strong><\/li>\n<li><strong><span style=\"color: #c0c0c0;\">Buceo Recreativo<\/span><\/strong><\/li>\n<li><strong><span style=\"color: #c0c0c0;\">Buceo T\u00e9cnico<\/span><\/strong><\/li>\n<li><strong><span style=\"color: #c0c0c0;\">Fotograf\u00eda Submarina<\/span><\/strong><\/li>\n<li><strong><a href=\"http:\/\/www.sportalsub.net\/blog\/2009\/03\/29\/hockey-subacuatico\/\">Hockey Subacu\u00e1tico<\/a><\/strong><\/li>\n<li><strong><a href=\"http:\/\/www.sportalsub.net\/blog\/2009\/02\/22\/la-natacion-con-aletas-natacion-subacuatica\/\">Nataci\u00f3n con Aletas (Nataci\u00f3n Subacu\u00e1tica)<\/a><\/strong><\/li>\n<li><strong><span style=\"color: #c0c0c0;\">Orientaci\u00f3n Subacu\u00e1tica<\/span><\/strong><\/li>\n<li><strong><span style=\"color: #c0c0c0;\"><a href=\"http:\/\/www.sportalsub.net\/blog\/2011\/01\/28\/la-pesca-submarina\/\">Pesca Submarina<\/a><\/span><\/strong><\/li>\n<li><a href=\"http:\/\/www.sportalsub.net\/blog\/2010\/11\/20\/conoce-el-rugby-subacuatico\/\"><strong>Rugby Subacu\u00e1tico<\/strong><\/a><\/li>\n<li><strong><span style=\"color: #c0c0c0;\">Snorkelling<\/span><\/strong><\/li>\n<li><strong><a href=\"http:\/\/www.sportalsub.net\/blog\/2011\/01\/08\/el-tiro-al-blanco-subacuatico\/\">Tiro al Blanco Subacu\u00e1tico<\/a><\/strong><\/li>\n<\/ul>\n","protected":false},"excerpt":{"rendered":"<p>Qu\u00e9 son y cuales son las modalidades de las actividades subacu\u00e1ticas \u00a0 \u00a0 Las Actividades Subacu\u00e1ticas, son todo aquel conjunto de actividades que se realizan y practican en espacios acu\u00e1ticos (mares, piscinas, lagos, r\u00edos, embalses, etc&#8230;) y cuya caracter\u00edstica principal es que la \u00a0mayor parte del tiempo, la persona que realiza la actividad se encuentra sumergida bajo el agua, de [&#8230;]<\/p>\n","protected":false},"author":1,"featured_media":16424,"parent":16,"menu_order":1,"comment_status":"open","ping_status":"closed","template":"","meta":{"_lmt_disableupdate":"","_lmt_disable":"","jetpack_post_was_ever_published":false,"footnotes":""},"class_list":["post-1188","page","type-page","status-publish","has-post-thumbnail","hentry"],"jetpack_sharing_enabled":true,"jetpack_shortlink":"https:\/\/wp.me\/Pf9lN-ja","jetpack_likes_enabled":false,"jetpack-related-posts":[{"id":14825,"url":"https:\/\/www.sportalsub.net\/blog\/quienes-somos\/","url_meta":{"origin":1188,"position":0},"title":"Quienes Somos","author":"Sportalsub.net","date":"25 marzo 2013","format":false,"excerpt":"Somos un sitio web dedicado a informar sobre el mundo de las actividades subacu\u00e1ticas en espa\u00f1ol. Apnea, Buceo Libre, Buceo Recreativo, Buceo Deportivo, Buceo T\u00e9cnico, Buceo Cient\u00edfico, Nataci\u00f3n con Aletas, Pesca Submarina, Rugby Subacu\u00e1tico, Hockey Subacu\u00e1tico, Fotograf\u00eda Submarina, Video Submarino, Tiro al Blanco Subacu\u00e1tico, Orientaci\u00f3n Subacu\u00e1tica. Conservaci\u00f3n del Medio Ambiente\u2026","rel":"","context":"Entrada similar","block_context":{"text":"Entrada similar","link":""},"img":{"alt_text":"","src":"http:\/\/i0.wp.com\/www.sportalsub.net\/blog\/wp-content\/uploads\/2015\/12\/miguelsportsub2015.jpg?resize=350%2C200","width":350,"height":200},"classes":[]},{"id":16,"url":"https:\/\/www.sportalsub.net\/blog\/quienes-somos\/","url_meta":{"origin":1188,"position":1},"title":"Nosotros","author":"Sportalsub.net","date":"27 abril 2008","format":false,"excerpt":"Somos un sitio web dedicado a informar sobre el mundo de las actividades subacu\u00e1ticas en espa\u00f1ol. Apnea, Buceo Libre, Buceo Recreativo, Buceo Deportivo, Buceo T\u00e9cnico, Buceo Cient\u00edfico, Nataci\u00f3n con Aletas, Pesca Submarina, Rugby Subacu\u00e1tico, Hockey Subacu\u00e1tico, Fotograf\u00eda Submarina, Video Submarino, Tiro al Blanco Subacu\u00e1tico, Orientaci\u00f3n Subacu\u00e1tica. Conservaci\u00f3n del Medio Ambiente\u2026","rel":"","context":"En \u00abGeneral\u00bb","block_context":{"text":"General","link":"https:\/\/www.sportalsub.net\/blog\/category\/general\/"},"img":{"alt_text":"","src":"http:\/\/profile.ak.fbcdn.net\/hprofile-ak-ash2\/573117_751817024_651893326_n.jpg","width":350,"height":200},"classes":[]},{"id":12295,"url":"https:\/\/www.sportalsub.net\/blog\/quienes-somos\/corresponsales-y-colaboradores\/","url_meta":{"origin":1188,"position":2},"title":"Corresponsales y Colaboradores","author":"Sportalsub.net","date":"4 mayo 2012","format":false,"excerpt":"En esta secci\u00f3n conocer\u00e1s a las personas que colaboran con las actividades, noticias y contenidos de Sportsub & Sportalsub.net Miguel Alberto Cede\u00f1o Ortiz (Venezuela)\u00a0 Nacido y residenciado en Caracas, Venezuela es el creador, director y editor de Sportalsub.net. Su experiencia como deportista, entrenador, juez y dirigente de las actividades subacu\u00e1ticas\u2026","rel":"","context":"Entrada similar","block_context":{"text":"Entrada similar","link":""},"img":{"alt_text":"","src":"https:\/\/i0.wp.com\/www.sportalsub.net\/blog\/wp-content\/uploads\/2012\/05\/miguel-150x150.jpg?resize=350%2C200","width":350,"height":200},"classes":[]},{"id":7338,"url":"https:\/\/www.sportalsub.net\/blog\/eventos\/venezuela\/","url_meta":{"origin":1188,"position":3},"title":"\ud83c\uddfb\ud83c\uddea Venezuela","author":"Sportalsub.net","date":"8 enero 2011","format":false,"excerpt":"Calendario de Pr\u00f3ximos Eventos Subacu\u00e1ticos en Venezuela \ud83c\uddfb\ud83c\uddea\u00a0Federaci\u00f3n Venezolana de Actividades Subacu\u00e1ticas (FVAS) \u2013 Calendario 2020","rel":"","context":"Entrada similar","block_context":{"text":"Entrada similar","link":""},"img":{"alt_text":"","src":"","width":0,"height":0},"classes":[]},{"id":7344,"url":"https:\/\/www.sportalsub.net\/blog\/eventos\/colombia\/","url_meta":{"origin":1188,"position":4},"title":"\ud83c\udde8\ud83c\uddf4 Colombia","author":"Sportalsub.net","date":"8 enero 2011","format":false,"excerpt":"Calendario de Pr\u00f3ximos Eventos Subacu\u00e1ticos en Colombia \ud83c\udde8\ud83c\uddf4\u00a0Federaci\u00f3n Colombiana de Actividades Subacu\u00e1ticas (FEDECAS) - Calendario 2020","rel":"","context":"Entrada similar","block_context":{"text":"Entrada similar","link":""},"img":{"alt_text":"","src":"","width":0,"height":0},"classes":[]},{"id":7379,"url":"https:\/\/www.sportalsub.net\/blog\/eventos\/argentina\/","url_meta":{"origin":1188,"position":5},"title":"\ud83c\udde6\ud83c\uddf7 Argentina","author":"Sportalsub.net","date":"8 enero 2011","format":false,"excerpt":"Calendario de Pr\u00f3ximos Eventos Subacu\u00e1ticos en Argentina \ud83c\udde6\ud83c\uddf7\u00a0Federaci\u00f3n Argentina De Actividades Subacu\u00e1ticas (FAAS) \u2013 Calendario 2020","rel":"","context":"Entrada similar","block_context":{"text":"Entrada similar","link":""},"img":{"alt_text":"","src":"","width":0,"height":0},"classes":[]}],"_links":{"self":[{"href":"https:\/\/www.sportalsub.net\/blog\/wp-json\/wp\/v2\/pages\/1188","targetHints":{"allow":["GET"]}}],"collection":[{"href":"https:\/\/www.sportalsub.net\/blog\/wp-json\/wp\/v2\/pages"}],"about":[{"href":"https:\/\/www.sportalsub.net\/blog\/wp-json\/wp\/v2\/types\/page"}],"author":[{"embeddable":true,"href":"https:\/\/www.sportalsub.net\/blog\/wp-json\/wp\/v2\/users\/1"}],"replies":[{"embeddable":true,"href":"https:\/\/www.sportalsub.net\/blog\/wp-json\/wp\/v2\/comments?post=1188"}],"version-history":[{"count":0,"href":"https:\/\/www.sportalsub.net\/blog\/wp-json\/wp\/v2\/pages\/1188\/revisions"}],"up":[{"embeddable":true,"href":"https:\/\/www.sportalsub.net\/blog\/wp-json\/wp\/v2\/pages\/16"}],"wp:featuredmedia":[{"embeddable":true,"href":"https:\/\/www.sportalsub.net\/blog\/wp-json\/wp\/v2\/media\/16424"}],"wp:attachment":[{"href":"https:\/\/www.sportalsub.net\/blog\/wp-json\/wp\/v2\/media?parent=1188"}],"curies":[{"name":"wp","href":"https:\/\/api.w.org\/{rel}","templated":true}]}}