{"id":14825,"date":"2013-03-25T03:37:37","date_gmt":"2013-03-25T08:07:37","guid":{"rendered":"http:\/\/www.sportalsub.net\/blog\/?page_id=14825"},"modified":"2020-04-07T08:47:45","modified_gmt":"2020-04-07T12:47:45","slug":"quienes-somos","status":"publish","type":"page","link":"https:\/\/www.sportalsub.net\/blog\/quienes-somos\/","title":{"rendered":"Quienes Somos"},"content":{"rendered":"<p style=\"text-align: justify;\">Somos un sitio web dedicado a informar sobre el mundo de las actividades subacu\u00e1ticas en espa\u00f1ol. Apnea, Buceo Libre, Buceo Recreativo, Buceo Deportivo, Buceo T\u00e9cnico, Buceo Cient\u00edfico, Nataci\u00f3n con Aletas, Pesca Submarina, Rugby Subacu\u00e1tico, Hockey Subacu\u00e1tico, Fotograf\u00eda Submarina, Video Submarino, Tiro al Blanco Subacu\u00e1tico, Orientaci\u00f3n Subacu\u00e1tica. Conservaci\u00f3n del Medio Ambiente Subacu\u00e1tico, Cursos, Competencias, Entrenamientos y todo lo relacionado con el mundo subacu\u00e1tico.<\/p>\n<p style=\"text-align: justify;\">Nuestra sede principal es en Caracas, Venezuela y recibimos informaciones de corresponsales y colaboradores alrededor del mundo, principalmente de pa\u00edses de habla hispana, quienes nos ayudan a mantener actualizado con sus informaciones y contribuciones nuestro sitio.<\/p>\n<p style=\"text-align: justify;\">Desde el 1ro de Agosto de 2001 estamos en la web y luego de varios a\u00f1os informando sobre las actividades subacu\u00e1ticas como sitio web y portal, actualmente ofrecemos las noticias, informaci\u00f3n y contenidos en formato blog.<\/p>\n<p style=\"text-align: justify;\"><strong>PRODUCTOS Y SERVICIOS<\/strong><\/p>\n<p style=\"text-align: justify;\">Adem\u00e1s de informar a trav\u00e9s de nuestro sitio web, somos una empresa que ofrece productos y servicios enfocados en el desarrollo, capacitaci\u00f3n \u00a0y promoci\u00f3n de las actividades subacu\u00e1ticas, entre otros, los cuales est\u00e1n a la disposici\u00f3n de personas particulares, clubes, asociaciones, federaciones y organizaciones ligadas al mundo de las actividades subacu\u00e1ticas. Algunos de ellos son:<\/p>\n<ul>\n<li>Fotograf\u00eda y Filmaciones Subacu\u00e1ticas.<\/li>\n<li>Cursos, Talleres, Cl\u00ednicas, actividades de promoci\u00f3n y capacitaci\u00f3n.<\/li>\n<li>Organizaci\u00f3n, cobertura y sistematizaci\u00f3n de eventos.<\/li>\n<li>Venta de equipos y art\u00edculos para la pr\u00e1ctica de las actividades subacu\u00e1ticas<\/li>\n<li>Venta de espacios de publicidad en nuestro sitio web<\/li>\n<li>Dise\u00f1o, desarrollo y mantenimiento de sitios web relacionados con las actividades subacu\u00e1ticas.<\/li>\n<\/ul>\n<p>Para m\u00e1s informaci\u00f3n no duden contactarnos.<\/p>\n<p>Atentamente.<\/p>\n<p align=\"left\"><img loading=\"lazy\" decoding=\"async\" class=\"alignleft\" style=\"margin-left: 5px; margin-right: 5px;\" src=\"http:\/\/i0.wp.com\/www.sportalsub.net\/blog\/wp-content\/uploads\/2015\/12\/miguelsportsub2015.jpg?resize=150%2C150\" alt=\"\" width=\"80\" height=\"77\" \/><strong>Miguel A. Cede\u00f1o O.<\/strong><br \/>\n<strong>Director \u2013 Editor<\/strong><br \/>\n<strong>Twitter: @<a href=\"http:\/\/twitter.com\/miguelsportsub\" target=\"_blank\" rel=\"noopener noreferrer\" target=\"_blank\">miguelsportsub<\/a><\/strong><br \/>\n<strong>Email: miguelsportsub@gmail.com<\/strong><\/p>\n<hr \/>\n<p><img loading=\"lazy\" decoding=\"async\" class=\"alignleft\" style=\"margin-left: 5px; margin-right: 5px;\" src=\"http:\/\/www.sportalsub.net\/blog\/wp-content\/uploads\/2012\/04\/ronald.jpg\" alt=\"\" width=\"80\" height=\"76\" \/><strong>Ronald Laurens<\/strong><br \/>\n<strong>Presidente &#8211; FotoSub<br \/>\n<strong>Twitter: @<a href=\"http:\/\/twitter.com\/apnein\" target=\"_blank\" rel=\"noopener noreferrer\" target=\"_blank\">apnein<\/a><\/strong><br \/>\n<strong>Email: ronaldlaurens@gmail.com<\/strong><\/strong><\/p>\n<p>&nbsp;<\/p>\n<p><span style=\"color: #ff0000;\">La pr\u00e1ctica de las actividades subacu\u00e1ticas debe realizarse de forma segura y planificada, bajo la orientaci\u00f3n y supervisi\u00f3n de instructores o entrenadores calificados, avalados por organizaciones reconocidas en el \u00e1rea. Sportsub &amp; Sportalsub.net no pretende, con la publicaci\u00f3n de las\u00a0informaciones rese\u00f1adas en nuestra p\u00e1gina web,\u00a0sustituir la capacitaci\u00f3n y entrenamiento que los profesionales del \u00e1rea pueden brindar a personas que se inician en estas modalidades y no se responsabiliza por el manejo inadecuado de dicha informaci\u00f3n, la cual es publicada con fines promocionales y demostrativos para dar a conocer las actividades subacu\u00e1ticas a todas aquellas personas, que se conectan a trav\u00e9s de nuestro sitio web.<\/span><\/p>\n<p><strong>Publicidad<\/strong><\/p>\n<div>\n<p>Promociona tu empresa, operadora, tienda, club,\u00a0centro de buceo o art\u00edculos para la venta publicando en el \u00fanico\u00a0sitio especializado en Actividades Subacu\u00e1ticas de habla hispana.<\/p>\n<div>\u00bfPor qu\u00e9 su Organizaci\u00f3n debe estar en Sportalsub.net?<\/div>\n<p>Existen muchas razones por las cuales es una buena decisi\u00f3n para su Organizaci\u00f3n tener presencia en Sportalsub.net.Algunas de ellas son las siguientes:<\/p>\n<p>Identificaci\u00f3n de nuestros usuarios con las actividades subacu\u00e1ticas<br \/>\nNuestros usuarios visitan Sportalsub en b\u00fasqueda de informaci\u00f3n: eventos, noticias, conocer m\u00e1s sobre las actividades\u00a0subacu\u00e1ticas, los logros de los deportistas m\u00e1s destacados, novedades sobre nuevos\u00a0equipos en el mercado, sitios de buceo, etc..\u00a0y con ello se interesan m\u00e1s en practicar las actividades\u00a0recreativas, deportivas y profesionales que se realizan bajo el agua, as\u00ed como consumir productos relacionados con ellas. Si tienes una empresa o una organizaci\u00f3n que ofrezca productos y servicios relacionados con el mundo subacu\u00e1tico, este es el canal de comunicaci\u00f3n que debes utilizar.<\/p>\n<p>Acceso masivo al p\u00fablico interesado actividades subacu\u00e1ticas<br \/>\nDesde Agosto 2001 Sportalsub.net se\u00a0ha convertido en el principal sitio web de su tipo con mayor cantidad de visitas,\u00a0alcanzando un promedio de\u00a010.000 visitas mensuales, las cuales\u00a0cada a\u00f1o van increment\u00e1ndose y generan de esta forma mayor tr\u00e1fico de usuarios.<\/p>\n<p>Contenido dirigido\u00a0a usuarios de habla hispana<br \/>\nPor las caracter\u00edsticas y la informaci\u00f3n contenida en nuestro sitio web, m\u00e1s del 90% de sus visitantes hablan el idioma espa\u00f1ol, lo cual aumenta la efectividad de su campa\u00f1a.<\/p>\n<div>Porque ya nos eligi\u00f3 la gente<br \/>\nSportalsub.net ya ha sido\u00a0elegido por la gente como el\u00a0sitio web\u00a0dedicado a las noticias de las actividades subacu\u00e1ticas en Internet. Sportalsub.net se perfila claramente como el principal sitio en su especialidad, debido a la continua actualizaci\u00f3n de sus noticias y secciones.<\/div>\n<p>Por todas estas razones queremos ofrecer a su organizaci\u00f3n este medio de comunicaci\u00f3n electr\u00f3nico, para llegar a este gran mercado de consumidores de productos y servicios relacionados con el mundo de las actividades subacu\u00e1ticas.<\/p>\n<div>Sportalsub.net\u00a0ofrece planes y paquetes publicitarios para anunciar en nuestra web,\u00a0adaptados seg\u00fan los requerimientos y necesidades de su organizaci\u00f3n.<\/div>\n<p>Cont\u00e1ctanos por el e-mail: <a href=\"mailto:sportsub.sportalsub@gmail.com\">sportsub.sportalsub@gmail.com<\/a><\/p>\n<\/div>\n","protected":false},"excerpt":{"rendered":"<p>Somos un sitio web dedicado a informar sobre el mundo de las actividades subacu\u00e1ticas en espa\u00f1ol. Apnea, Buceo Libre, Buceo Recreativo, Buceo Deportivo, Buceo T\u00e9cnico, Buceo Cient\u00edfico, Nataci\u00f3n con Aletas, Pesca Submarina, Rugby Subacu\u00e1tico, Hockey Subacu\u00e1tico, Fotograf\u00eda Submarina, Video Submarino, Tiro al Blanco Subacu\u00e1tico, Orientaci\u00f3n Subacu\u00e1tica. Conservaci\u00f3n del Medio Ambiente Subacu\u00e1tico, Cursos, Competencias, Entrenamientos y todo lo relacionado con el [&#8230;]<\/p>\n","protected":false},"author":1,"featured_media":0,"parent":16,"menu_order":0,"comment_status":"closed","ping_status":"closed","template":"","meta":{"_lmt_disableupdate":"","_lmt_disable":"","jetpack_post_was_ever_published":false,"footnotes":""},"class_list":["post-14825","page","type-page","status-publish","hentry"],"jetpack_sharing_enabled":true,"jetpack_shortlink":"https:\/\/wp.me\/Pf9lN-3R7","jetpack_likes_enabled":false,"jetpack-related-posts":[{"id":16,"url":"https:\/\/www.sportalsub.net\/blog\/quienes-somos\/","url_meta":{"origin":14825,"position":0},"title":"Nosotros","author":"Sportalsub.net","date":"27 abril 2008","format":false,"excerpt":"Somos un sitio web dedicado a informar sobre el mundo de las actividades subacu\u00e1ticas en espa\u00f1ol. Apnea, Buceo Libre, Buceo Recreativo, Buceo Deportivo, Buceo T\u00e9cnico, Buceo Cient\u00edfico, Nataci\u00f3n con Aletas, Pesca Submarina, Rugby Subacu\u00e1tico, Hockey Subacu\u00e1tico, Fotograf\u00eda Submarina, Video Submarino, Tiro al Blanco Subacu\u00e1tico, Orientaci\u00f3n Subacu\u00e1tica. Conservaci\u00f3n del Medio Ambiente\u2026","rel":"","context":"En \u00abGeneral\u00bb","block_context":{"text":"General","link":"https:\/\/www.sportalsub.net\/blog\/category\/general\/"},"img":{"alt_text":"","src":"http:\/\/profile.ak.fbcdn.net\/hprofile-ak-ash2\/573117_751817024_651893326_n.jpg","width":350,"height":200},"classes":[]},{"id":1188,"url":"https:\/\/www.sportalsub.net\/blog\/conoce\/","url_meta":{"origin":14825,"position":1},"title":"\ud83c\udf0e Conoce las Actividades Subacu\u00e1ticas","author":"Sportalsub.net","date":"22 febrero 2009","format":false,"excerpt":"Qu\u00e9 son y cuales son las modalidades de las actividades subacu\u00e1ticas \u00a0 \u00a0 Las Actividades Subacu\u00e1ticas, son todo aquel conjunto de actividades que se realizan y practican en espacios acu\u00e1ticos (mares, piscinas, lagos, r\u00edos, embalses, etc...) y cuya caracter\u00edstica principal es que la \u00a0mayor parte del tiempo, la persona que\u2026","rel":"","context":"En \u00abGeneral\u00bb","block_context":{"text":"General","link":"https:\/\/www.sportalsub.net\/blog\/category\/general\/"},"img":{"alt_text":"","src":"https:\/\/i0.wp.com\/www.sportalsub.net\/blog\/wp-content\/uploads\/2013\/11\/0011.jpg?resize=350%2C200&ssl=1","width":350,"height":200},"classes":[]},{"id":12295,"url":"https:\/\/www.sportalsub.net\/blog\/quienes-somos\/corresponsales-y-colaboradores\/","url_meta":{"origin":14825,"position":2},"title":"Corresponsales y Colaboradores","author":"Sportalsub.net","date":"4 mayo 2012","format":false,"excerpt":"En esta secci\u00f3n conocer\u00e1s a las personas que colaboran con las actividades, noticias y contenidos de Sportsub & Sportalsub.net Miguel Alberto Cede\u00f1o Ortiz (Venezuela)\u00a0 Nacido y residenciado en Caracas, Venezuela es el creador, director y editor de Sportalsub.net. Su experiencia como deportista, entrenador, juez y dirigente de las actividades subacu\u00e1ticas\u2026","rel":"","context":"Entrada similar","block_context":{"text":"Entrada similar","link":""},"img":{"alt_text":"","src":"https:\/\/i0.wp.com\/www.sportalsub.net\/blog\/wp-content\/uploads\/2012\/05\/miguel-150x150.jpg?resize=350%2C200","width":350,"height":200},"classes":[]},{"id":209,"url":"https:\/\/www.sportalsub.net\/blog\/links\/","url_meta":{"origin":14825,"position":3},"title":"Links","author":"Sportalsub.net","date":"3 agosto 2008","format":false,"excerpt":"Enlaces a otros sitios de Actividades Subacu\u00e1ticas y Otros Sitios de Inter\u00e9s Actualizado 6 de enero de 2014 6 al agua (Colombia)\u00a0\u221a AHSA (Argentina)\u00a0\u221a AIDA Brasil\u00a0\u221a AIDA Francia\u00a0\u221a AIDA Internacional\u00a0\u221a Aletas de Miranda (Venezuela)\u00a0\u221a All Finswimming (Francia)\u00a0\u221a Anfibios Mendoza Hockeysub (Argentina)\u00a0\u221a Antonio del Duca (Venezuela)\u00a0\u221a \u00a0\u00a0\u00a1 Nuevo ! Apnea Academy\u00a0\u221a\u2026","rel":"","context":"En \u00abGeneral\u00bb","block_context":{"text":"General","link":"https:\/\/www.sportalsub.net\/blog\/category\/general\/"},"img":{"alt_text":"Sportalsub.net - Todas las Actividades Subacu\u00e1ticas en un solo lugar","src":"https:\/\/i0.wp.com\/www.sportalsub.net\/images\/bannersportalsub2006.gif?resize=350%2C200","width":350,"height":200},"classes":[]},{"id":883,"url":"https:\/\/www.sportalsub.net\/blog\/cursos\/","url_meta":{"origin":14825,"position":4},"title":"Cursos","author":"Sportalsub.net","date":"6 diciembre 2008","format":false,"excerpt":"En esta secci\u00f3n puedes ver la informaci\u00f3n de los pr\u00f3ximos Cursos organizados por Sportsub & Sportalsub.net o por nuestros asociados y anunciantes. Tambi\u00e9n puedes ingresar en nuestra secci\u00f3n de Cursos, Cl\u00ednicas y Talleres\u00a0 O visita el sitio web de nuestra Academia Deportiva Subacu\u00e1tica Sportsub Si est\u00e1s interesado en participar en\u2026","rel":"","context":"En \u00abGeneral\u00bb","block_context":{"text":"General","link":"https:\/\/www.sportalsub.net\/blog\/category\/general\/"},"img":{"alt_text":"","src":"","width":0,"height":0},"classes":[]},{"id":7425,"url":"https:\/\/www.sportalsub.net\/blog\/eventos\/ecuador\/","url_meta":{"origin":14825,"position":5},"title":"\ud83c\uddea\ud83c\udde8 Ecuador","author":"Sportalsub.net","date":"8 enero 2011","format":false,"excerpt":"Calendario de Pr\u00f3ximos Eventos Subacu\u00e1ticos en Ecuador \ud83c\uddea\ud83c\udde8\u00a0Federaci\u00f3n Ecuatoriana de Buceo y Actividades Subacu\u00e1ticas (FEDASUB) \u2013 Calendario 2020","rel":"","context":"Con 2 comentarios","block_context":{"text":"Con 2 comentarios","link":"https:\/\/www.sportalsub.net\/blog\/eventos\/ecuador\/#comments"},"img":{"alt_text":"","src":"","width":0,"height":0},"classes":[]}],"_links":{"self":[{"href":"https:\/\/www.sportalsub.net\/blog\/wp-json\/wp\/v2\/pages\/14825","targetHints":{"allow":["GET"]}}],"collection":[{"href":"https:\/\/www.sportalsub.net\/blog\/wp-json\/wp\/v2\/pages"}],"about":[{"href":"https:\/\/www.sportalsub.net\/blog\/wp-json\/wp\/v2\/types\/page"}],"author":[{"embeddable":true,"href":"https:\/\/www.sportalsub.net\/blog\/wp-json\/wp\/v2\/users\/1"}],"replies":[{"embeddable":true,"href":"https:\/\/www.sportalsub.net\/blog\/wp-json\/wp\/v2\/comments?post=14825"}],"version-history":[{"count":0,"href":"https:\/\/www.sportalsub.net\/blog\/wp-json\/wp\/v2\/pages\/14825\/revisions"}],"up":[{"embeddable":true,"href":"https:\/\/www.sportalsub.net\/blog\/wp-json\/wp\/v2\/pages\/16"}],"wp:attachment":[{"href":"https:\/\/www.sportalsub.net\/blog\/wp-json\/wp\/v2\/media?parent=14825"}],"curies":[{"name":"wp","href":"https:\/\/api.w.org\/{rel}","templated":true}]}}