{"id":555,"date":"2008-11-05T15:33:47","date_gmt":"2008-11-05T20:03:47","guid":{"rendered":"http:\/\/www.sportalsub.net\/blog\/?page_id=555"},"modified":"2026-04-13T15:41:18","modified_gmt":"2026-04-13T19:41:18","slug":"eventos","status":"publish","type":"page","link":"https:\/\/www.sportalsub.net\/blog\/eventos","title":{"rendered":"\ud83d\udcc5 Calendario Internacional de Eventos Subacu\u00e1ticos"},"content":{"rendered":"<p><img loading=\"lazy\" decoding=\"async\" class=\"alignnone size-full wp-image-3145\" src=\"http:\/\/www.sportalsub.net\/en\/wp-content\/uploads\/2018\/02\/worldcalendar.jpg\" alt=\"\" width=\"900\" height=\"550\" \/><\/p>\n<p>Calendario de Eventos de inter\u00e9s para la comunidad de actividades subacu\u00e1ticas de habla hispana<br \/>\n<a href=\"https:\/\/www.sportalsub.net\/en\/calendar\/\">English Version<\/a><\/p>\n<h3><strong><a href=\"https:\/\/www.sportalsub.net\/blog\/eventos-2025\">&lt;&lt; Resultados 2025<\/a><\/strong><\/h3>\n<h2 style=\"text-align: center;\"><strong>2026<\/strong><\/h2>\n<div class=\"lightweight-accordion\"><details><summary class=\"lightweight-accordion-title\"><span>Enero<\/span><\/summary><div class=\"lightweight-accordion-body\"><p style=\"text-align: center;\"><a href=\"https:\/\/www.sportalsub.net\/blog\/2da-fecha-aletas-aguas-abiertas-chile-2025-2026\"><strong>2da Fecha Circuito Nacional FEDESUB 2025-2026<\/strong><\/a>\u00a0<strong><img decoding=\"async\" class=\"emoji\" role=\"img\" draggable=\"false\" src=\"https:\/\/s.w.org\/images\/core\/emoji\/17.0.2\/svg\/2705.svg\" alt=\"\u2705\" \/><\/strong><br \/>\nNataci\u00f3n con Aletas (aguas abiertas)<br \/>\n16 al 17 de enero<br \/>\nTeodoro Schmidt, Chile <img decoding=\"async\" class=\"emoji\" role=\"img\" draggable=\"false\" src=\"https:\/\/s.w.org\/images\/core\/emoji\/17.0.2\/svg\/1f1e8-1f1f1.svg\" alt=\"\ud83c\udde8\ud83c\uddf1\" \/><\/p>\n<hr \/>\n<p style=\"text-align: center;\"><a href=\"https:\/\/www.sportalsub.net\/blog\/semana-master-pescasub-2026\/\"><strong>Semana Master Ciutat de Palma 2026<\/strong><\/a><br \/>\nPesca Submarina<br \/>\n29 al 31 de enero<br \/>\nPalma de Mallorca, Espa\u00f1a\u00a0<img decoding=\"async\" class=\"emoji\" role=\"img\" draggable=\"false\" src=\"https:\/\/s.w.org\/images\/core\/emoji\/17.0.2\/svg\/1f1ea-1f1f8.svg\" alt=\"\ud83c\uddea\ud83c\uddf8\" \/><\/p>\n<p style=\"text-align: left;\">\n<\/div><\/details><\/div>\n<div class=\"lightweight-accordion\"><details><summary class=\"lightweight-accordion-title\"><span>Febrero<\/span><\/summary><div class=\"lightweight-accordion-body\"><p style=\"text-align: center;\"><a href=\"https:\/\/www.sportalsub.net\/blog\/finswimming-world-cup-2026-barcelona-spain\"><strong>CANCELADO &#8211; XX Copa Mundo CMAS<\/strong><\/a> <strong><img decoding=\"async\" class=\"emoji\" role=\"img\" draggable=\"false\" src=\"https:\/\/s.w.org\/images\/core\/emoji\/17.0.2\/svg\/26d4.svg\" alt=\"\u26d4\" \/><\/strong><br \/>\nNataci\u00f3n con Aletas piscina<br \/>\n6 al 8 de febrero<br \/>\nBarcelona, Espa\u00f1a\u00a0<img decoding=\"async\" class=\"emoji\" role=\"img\" draggable=\"false\" src=\"https:\/\/s.w.org\/images\/core\/emoji\/17.0.2\/svg\/1f1ea-1f1f8.svg\" alt=\"\ud83c\uddea\ud83c\uddf8\" \/><\/p>\n<hr \/>\n<p style=\"text-align: center;\"><a href=\"https:\/\/www.sportalsub.net\/blog\/uwr-brasil-2026\/\"><strong>Partido Amistoso<\/strong><\/a><br \/>\nRugby Subacu\u00e1tico<br \/>\n7 de febrero<br \/>\nRio de Janeiro, Brasil \ud83c\udde7\ud83c\uddf7<\/p>\n<hr \/>\n<p style=\"text-align: center;\"><a href=\"https:\/\/www.sportalsub.net\/blog\/pacifico-profundo-chile-2026\"><strong>Pac\u00edfico Profundo \u2013 4to Abierto Internacional AIDA<\/strong><\/a><br \/>\nApnea (profundidad)<br \/>\n12 al 16 de febrero<br \/>\nPapudo, Chile <img decoding=\"async\" class=\"emoji\" role=\"img\" draggable=\"false\" src=\"https:\/\/s.w.org\/images\/core\/emoji\/17.0.2\/svg\/1f1e8-1f1f1.svg\" alt=\"\ud83c\udde8\ud83c\uddf1\" \/><\/p>\n<hr \/>\n<p style=\"text-align: center;\"><a href=\"https:\/\/www.sportalsub.net\/blog\/suunto-freedive-games-poland-2026\/\"><strong>Suunto Freedive Games 2026<\/strong><\/a><br \/>\nApnea (piscina)<br \/>\n14 y 15 de Febrero<br \/>\nWroclaw, P\u00f6lonia \ud83c\uddf5\ud83c\uddf1<\/p>\n<\/div><\/details><\/div>\n<div class=\"lightweight-accordion\"><details open><summary class=\"lightweight-accordion-title\"><span>Marzo<\/span><\/summary><div class=\"lightweight-accordion-body\"><p style=\"text-align: center;\"><a href=\"https:\/\/www.sportalsub.net\/blog\/finswimming-lignano-2026\"><strong>XX Copa Mundo CMAS<\/strong><\/a> <strong><img decoding=\"async\" class=\"emoji\" role=\"img\" draggable=\"false\" src=\"https:\/\/s.w.org\/images\/core\/emoji\/17.0.2\/svg\/2705.svg\" alt=\"\u2705\" \/><\/strong><br \/>\nNataci\u00f3n con Aletas piscina<br \/>\n5 al 8 de marzo<br \/>\nLignano Sabbiadoro, Italia \ud83c\uddee\ud83c\uddf9<\/p>\n<hr \/>\n<p style=\"text-align: center;\"><a href=\"https:\/\/www.sportalsub.net\/blog\/1er-aida-venezuela-2026\"><strong>1er Campeonato Nacional AIDA Venezuela<\/strong><\/a> <strong><img decoding=\"async\" class=\"emoji\" role=\"img\" draggable=\"false\" src=\"https:\/\/s.w.org\/images\/core\/emoji\/17.0.2\/svg\/2705.svg\" alt=\"\u2705\" \/><\/strong><br \/>\nApnea (piscina)<br \/>\n7 y 8 de marzo<br \/>\nCaracas, Venezuela\u00a0<img decoding=\"async\" class=\"emoji\" role=\"img\" draggable=\"false\" src=\"https:\/\/s.w.org\/images\/core\/emoji\/17.0.2\/svg\/1f1fb-1f1ea.svg\" alt=\"\ud83c\uddfb\ud83c\uddea\" \/><\/p>\n<hr \/>\n<p style=\"text-align: center;\"><strong><a href=\"https:\/\/www.sportalsub.net\/blog\/fedecas-cali-marzo-2026\" rel=\"bookmark\">Campeonato Nacional Interclubes FEDECAS 2026<br \/>\n<\/a><\/strong>Nataci\u00f3n con Aletas (piscina)<br \/>\nPara-Apnea y Para-Nataci\u00f3n con Aletas<br \/>\n12 al 15 de Marzo<br \/>\nCali, Colombia <img decoding=\"async\" class=\"emoji\" role=\"img\" draggable=\"false\" src=\"https:\/\/s.w.org\/images\/core\/emoji\/17.0.2\/svg\/1f1e8-1f1f4.svg\" alt=\"\ud83c\udde8\ud83c\uddf4\" \/><\/p>\n<hr \/>\n<p style=\"text-align: center;\"><a href=\"https:\/\/www.sportalsub.net\/blog\/cmas-freediving-world-cup-poland-2026\"><strong>Copa Mundo CMAS 2026<\/strong><\/a> <strong><img decoding=\"async\" class=\"emoji\" role=\"img\" draggable=\"false\" src=\"https:\/\/s.w.org\/images\/core\/emoji\/17.0.2\/svg\/2705.svg\" alt=\"\u2705\" \/><\/strong><br \/>\nApnea (piscina)<br \/>\n13 al 15 de Marzo<br \/>\nLodz, P\u00f6lonia \ud83c\uddf5\ud83c\uddf1<\/p>\n<hr \/>\n<p style=\"text-align: center;\"><a href=\"https:\/\/www.sportalsub.net\/blog\/primer-campeonato-uruguayo-de-apnea-indoor-aida-2026\/\"><strong>Primer Campeonato Uruguayo AIDA 2026<\/strong><\/a> <strong><img decoding=\"async\" class=\"emoji\" role=\"img\" draggable=\"false\" src=\"https:\/\/s.w.org\/images\/core\/emoji\/17.0.2\/svg\/2705.svg\" alt=\"\u2705\" \/><\/strong><br \/>\nApnea en piscina<br \/>\n14 y 15 de marzo<br \/>\nMontevideo, Uruguay <img decoding=\"async\" class=\"emoji aligncenter\" role=\"img\" draggable=\"false\" src=\"https:\/\/s.w.org\/images\/core\/emoji\/17.0.2\/svg\/1f1fa-1f1fe.svg\" alt=\"\ud83c\uddfa\ud83c\uddfe\" \/><\/p>\n<hr \/>\n<p style=\"text-align: center;\"><a href=\"https:\/\/www.sportalsub.net\/blog\/1er-apnea-fvas-venezuela-2026\"><strong>1er Campeonato Nacional FVAS 2026<\/strong><\/a> <strong><img decoding=\"async\" class=\"emoji\" role=\"img\" draggable=\"false\" src=\"https:\/\/s.w.org\/images\/core\/emoji\/17.0.2\/svg\/2705.svg\" alt=\"\u2705\" \/><\/strong><br \/>\nApnea (piscina)<br \/>\n27 al 29 de marzo<br \/>\nCaracas, Venezuela\u00a0<img decoding=\"async\" class=\"emoji\" role=\"img\" draggable=\"false\" src=\"https:\/\/s.w.org\/images\/core\/emoji\/17.0.2\/svg\/1f1fb-1f1ea.svg\" alt=\"\ud83c\uddfb\ud83c\uddea\" \/><\/p>\n<hr \/>\n<p style=\"text-align: center;\"><a href=\"https:\/\/www.sportalsub.net\/blog\/1er-rugbysub-fvas-venezuela-2026\"><strong>1er Encuentro Nacional FVAS 2026<\/strong><\/a> <strong><img decoding=\"async\" class=\"emoji\" role=\"img\" draggable=\"false\" src=\"https:\/\/s.w.org\/images\/core\/emoji\/17.0.2\/svg\/2705.svg\" alt=\"\u2705\" \/><\/strong><br \/>\nRugby Subacu\u00e1tico<br \/>\n28 y 29 de marzo<br \/>\nCaracas, Venezuela\u00a0<img decoding=\"async\" class=\"emoji\" role=\"img\" draggable=\"false\" src=\"https:\/\/s.w.org\/images\/core\/emoji\/17.0.2\/svg\/1f1fb-1f1ea.svg\" alt=\"\ud83c\uddfb\ud83c\uddea\" \/><\/p>\n<p style=\"text-align: left;\">\n<\/div><\/details><\/div>\n<div class=\"lightweight-accordion\"><details open><summary class=\"lightweight-accordion-title\"><span>Abril<\/span><\/summary><div class=\"lightweight-accordion-body\"><p style=\"text-align: center;\"><strong><a href=\"https:\/\/www.sportalsub.net\/blog\/fisu-finswimming-2026-egypt\">Campeonato Mundial Universitario FISU<\/a><\/strong><br \/>\nNataci\u00f3n con Aletas<br \/>\n<del>10 y 11 de Abril<\/del>\u00a0(pospuesto)<br \/>\nSharm El Sheikh, Egipto \ud83c\uddea\ud83c\uddec<\/p>\n<hr \/>\n<p style=\"text-align: center;\"><strong><a href=\"https:\/\/www.sportalsub.net\/blog\/finswimming-masters-egypt-2026\">Campeonato Mundial CMAS Masters<\/a> <img decoding=\"async\" class=\"emoji\" role=\"img\" draggable=\"false\" src=\"https:\/\/s.w.org\/images\/core\/emoji\/17.0.2\/svg\/2705.svg\" alt=\"\u2705\" \/><\/strong><br \/>\nNataci\u00f3n con Aletas<br \/>\n10 al 14 de Abril<br \/>\nSharm El Sheikh, Egipto \ud83c\uddea\ud83c\uddec<\/p>\n<hr \/>\n<p style=\"text-align: center;\"><a href=\"https:\/\/www.sportalsub.net\/blog\/finswimming-aix-en-provence-2026\"><strong>XX CMAS World Cup<\/strong><\/a><br \/>\nNataci\u00f3n con Aletas<br \/>\n24 al 26 de Abril<br \/>\nAix en Provence, Francia \ud83c\uddeb\ud83c\uddf7<\/p>\n<hr \/>\n<p style=\"text-align: center;\"><a href=\"https:\/\/www.sportalsub.net\/blog\/apnea-indoor-fedesub-chile-2026\"><strong>Campeonato Nacional FEDESUB 2026<\/strong><\/a><br \/>\nApnea (piscina)<br \/>\n25 y 26 de Abril<br \/>\nSantiago de Chile <img decoding=\"async\" class=\"emoji\" role=\"img\" draggable=\"false\" src=\"https:\/\/s.w.org\/images\/core\/emoji\/17.0.2\/svg\/1f1e8-1f1f1.svg\" alt=\"\ud83c\udde8\ud83c\uddf1\" \/><\/p>\n<p style=\"text-align: left;\">\n<\/div><\/details><\/div>\n<div class=\"lightweight-accordion\"><details open><summary class=\"lightweight-accordion-title\"><span>Mayo<\/span><\/summary><div class=\"lightweight-accordion-body\"><p style=\"text-align: center;\"><strong><a href=\"https:\/\/www.sportalsub.net\/blog\/colombian-cup-apnea-aida-2026\" rel=\"bookmark\">Colombian Cup y Static Challenge AIDA 2026<br \/>\n<\/a><\/strong>Apnea (profundidad y est\u00e1tica)<br \/>\n16 al 23 de mayo<br \/>\nSan And\u00e9s, Colombia <img decoding=\"async\" class=\"emoji\" role=\"img\" draggable=\"false\" src=\"https:\/\/s.w.org\/images\/core\/emoji\/17.0.2\/svg\/1f1e8-1f1f4.svg\" alt=\"\ud83c\udde8\ud83c\uddf4\" \/><\/p>\n<\/div><\/details><\/div>\n<div class=\"lightweight-accordion\"><details open><summary class=\"lightweight-accordion-title\"><span>Junio<\/span><\/summary><div class=\"lightweight-accordion-body\"><p style=\"text-align: center;\"><a href=\"https:\/\/www.sportalsub.net\/blog\/aida-2026-budapest\/\"><strong>36\u00b0 Campeonato Mundial AIDA<\/strong><\/a><br \/>\nApnea (piscina)<br \/>\n3-6 de junio<br \/>\nBudapest, Hungr\u00eda \ud83c\udded\ud83c\uddfa<\/p>\n<hr \/>\n<p style=\"text-align: center;\"><a href=\"https:\/\/www.sportalsub.net\/blog\/2026-cmas-euro-finswimming-juniors-greece\/\"><strong>Campeonato Europeo CMAS Junior 2026<\/strong><\/a><br \/>\nNataci\u00f3n con Aletas (piscina)<br \/>\n6 al 12 de junio<br \/>\nChios, Grecia <img decoding=\"async\" class=\"emoji\" role=\"img\" draggable=\"false\" src=\"https:\/\/s.w.org\/images\/core\/emoji\/17.0.2\/svg\/1f1ec-1f1f7.svg\" alt=\"\ud83c\uddec\ud83c\uddf7\" \/><\/p>\n<hr \/>\n<p style=\"text-align: center;\"><a href=\"https:\/\/www.sportalsub.net\/blog\/cmas-freediving-indoor-2026\" rel=\"bookmark\"><strong>Campeonato Mundial CMAS 2026<\/strong><br \/>\n<\/a>Apnea en piscina<br \/>\n9 al 15 de junio<br \/>\nNovi Sad, Serbia <img decoding=\"async\" class=\"emoji aligncenter\" role=\"img\" draggable=\"false\" src=\"https:\/\/s.w.org\/images\/core\/emoji\/17.0.2\/svg\/1f1f7-1f1f8.svg\" alt=\"\ud83c\uddf7\ud83c\uddf8\" \/><\/p>\n<hr \/>\n<p style=\"text-align: center;\"><strong><a href=\"https:\/\/www.sportalsub.net\/blog\/finswimming-korea-2026\">Campeonato Mundial CMAS<\/a><\/strong><br \/>\nNataci\u00f3n con Aletas (piscina)<br \/>\n22 al 29 de junio<br \/>\nIncheon, Corea del Sur \ud83c\uddf0\ud83c\uddf7<\/p>\n<\/div><\/details><\/div>\n<div class=\"lightweight-accordion\"><details open><summary class=\"lightweight-accordion-title\"><span>Julio<\/span><\/summary><div class=\"lightweight-accordion-body\"><p style=\"text-align: center;\"><strong><a href=\"https:\/\/www.sportalsub.net\/blog\/uwhockeyturkiye-2026\/\">7\u00b0 Campeonato Mundial CMAS por grupos de edades<\/a><\/strong><br \/>\nHockey Subacu\u00e1tico<br \/>\n16 al 26 de julio<br \/>\nGebze \/ Kocaeli, Turqu\u00eda \ud83c\uddf9\ud83c\uddf7<\/p>\n<p style=\"text-align: left;\">\n<\/div><\/details><\/div>\n<div class=\"lightweight-accordion\"><details open><summary class=\"lightweight-accordion-title\"><span>Agosto<\/span><\/summary><div class=\"lightweight-accordion-body\"><p style=\"text-align: center;\"><a href=\"https:\/\/www.sportalsub.net\/blog\/nadosub-juveniles-venezuela-2026\"><strong>XXII Juegos Nacionales Juveniles<\/strong><\/a><br \/>\nNataci\u00f3n con Aletas (piscina)<br \/>\n22 de agosto al 5 de septiembre<br \/>\nCaracas, Venezuela\u00a0<img decoding=\"async\" class=\"emoji\" role=\"img\" draggable=\"false\" src=\"https:\/\/s.w.org\/images\/core\/emoji\/17.0.2\/svg\/1f1fb-1f1ea.svg\" alt=\"\ud83c\uddfb\ud83c\uddea\" \/><\/p>\n<hr \/>\n<p style=\"text-align: center;\"><strong><a href=\"https:\/\/www.sportalsub.net\/blog\/finswimming-taranto-2026\">XX Juegos del Mediterr\u00e1neo<\/a><\/strong><br \/>\nNataci\u00f3n con Aletas<br \/>\n26 y 27 de agosto<br \/>\nTaranto, Italia \ud83c\uddee\ud83c\uddf9<\/p>\n<p style=\"text-align: left;\">\n<\/div><\/details><\/div>\n<div class=\"lightweight-accordion\"><details open><summary class=\"lightweight-accordion-title\"><span>Septiembre<\/span><\/summary><div class=\"lightweight-accordion-body\"><p style=\"text-align: center;\"><a href=\"https:\/\/www.sportalsub.net\/blog\/aida-2026-limassol\/\"><strong>Campeonato Mundial WORLD APNEA AIDA 2026<\/strong><\/a><br \/>\nApnea (profundidad)<br \/>\n27 de septiembre al 10 de octubre<br \/>\nLimassol, Chipre \ud83c\udde8\ud83c\uddfe<\/p>\n<\/div><\/details><\/div>\n<div class=\"lightweight-accordion\"><details open><summary class=\"lightweight-accordion-title\"><span>Octubre<\/span><\/summary><div class=\"lightweight-accordion-body\"><p style=\"text-align: center;\"><strong><a href=\"https:\/\/www.sportalsub.net\/blog\/2026-cmas-open-internacional-freediving-indoor-santa-marta-500-colombia\/\" rel=\"bookmark\">Open Internacional CMAS 2026<br \/>\n<\/a><\/strong>Apnea (piscina)<br \/>\n22 al 25 de octubre<br \/>\nSanta Marta, Colombia <img decoding=\"async\" class=\"emoji\" role=\"img\" draggable=\"false\" src=\"https:\/\/s.w.org\/images\/core\/emoji\/17.0.2\/svg\/1f1e8-1f1f4.svg\" alt=\"\ud83c\udde8\ud83c\uddf4\" \/><\/p>\n<\/div><\/details><\/div>\n<h2 style=\"text-align: center;\"><strong>2027<\/strong><\/h2>\n<p style=\"text-align: center;\"><a href=\"https:\/\/www.sportalsub.net\/blog\/finswimming-freediving-cmas-brasil-2027\"><strong>Campeonatos Panamericanos CMAS 2027<\/strong><\/a><br \/>\nApnea y Nataci\u00f3n con aletas (p\u00edscina)<br \/>\n(por definir)<br \/>\nRio de Janeiro, Brasil \ud83c\udde7\ud83c\uddf7<\/p>\n<p>[\/lightweight-accordion]<\/p>\n<h3><strong><a href=\"https:\/\/www.sportalsub.net\/blog\/eventos-2025\">&lt;&lt; Resultados 2025<\/a><\/strong><\/h3>\n<p><strong><a href=\"https:\/\/www.cmas.org\/events.html\" target=\"_blank\" rel=\"noopener\" target=\"_blank\">CALENDARIO CMAS<\/a>\u00a0\u2013\u00a0<a href=\"https:\/\/www.aidainternational.org\/Events\/EventCalendar\" target=\"_blank\" rel=\"noopener\" target=\"_blank\">CALENDARIO AIDA<\/a><\/strong><\/p>\n<p><img loading=\"lazy\" decoding=\"async\" class=\"alignnone size-full wp-image-27433\" src=\"https:\/\/www.sportalsub.net\/blog\/wp-content\/uploads\/2018\/02\/worldcalendar.jpg\" alt=\"\" width=\"900\" height=\"550\" srcset=\"https:\/\/www.sportalsub.net\/blog\/wp-content\/uploads\/2018\/02\/worldcalendar.jpg 900w, https:\/\/www.sportalsub.net\/blog\/wp-content\/uploads\/2018\/02\/worldcalendar-300x183.jpg 300w, https:\/\/www.sportalsub.net\/blog\/wp-content\/uploads\/2018\/02\/worldcalendar-768x469.jpg 768w\" sizes=\"auto, (max-width: 900px) 100vw, 900px\" \/><\/p>\n<p><a href=\"https:\/\/www.sportalsub.net\/blog\/contactanos\/\"><strong>\u00bfQuieres publicar o promocionar tu evento, torneo o competencia de actividades subacu\u00e1ticas en Sportalsub.net? \u2013 Cont\u00e1ctanos<\/strong><\/a><\/p>\n","protected":false},"excerpt":{"rendered":"<p>Calendario de Eventos de inter\u00e9s para la comunidad de actividades subacu\u00e1ticas de habla hispana English Version &lt;&lt; Resultados 2025 2026 2027 Campeonatos Panamericanos CMAS 2027 Apnea y Nataci\u00f3n con aletas (p\u00edscina) (por definir) Rio de Janeiro, Brasil \ud83c\udde7\ud83c\uddf7 [\/lightweight-accordion] &lt;&lt; Resultados 2025 CALENDARIO CMAS\u00a0\u2013\u00a0CALENDARIO AIDA \u00bfQuieres publicar o promocionar tu evento, torneo o competencia de actividades subacu\u00e1ticas en Sportalsub.net? \u2013 [&#8230;]<\/p>\n","protected":false},"author":1,"featured_media":0,"parent":16,"menu_order":1,"comment_status":"closed","ping_status":"closed","template":"","meta":{"_lmt_disableupdate":"no","_lmt_disable":"no","jetpack_post_was_ever_published":false,"footnotes":""},"class_list":["post-555","page","type-page","status-publish","hentry"],"jetpack_sharing_enabled":true,"jetpack_shortlink":"https:\/\/wp.me\/Pf9lN-8X","jetpack_likes_enabled":false,"jetpack-related-posts":[{"id":84594,"url":"https:\/\/www.sportalsub.net\/blog\/eventos-2025\/","url_meta":{"origin":555,"position":0},"title":"\ud83d\udcc5 Calendario Internacional de Eventos Subacu\u00e1ticos 2025","author":"Sportalsub.net","date":"21 diciembre 2025","format":false,"excerpt":"Calendario de Eventos de inter\u00e9s para la comunidad de actividades subacu\u00e1ticas de habla hispana English Version << Resultados 2024 - Eventos 2026 >> 2025 << Resultados 2024 - Eventos 2026 >> \u00bfQuieres publicar o promocionar tu evento, torneo o competencia de actividades subacu\u00e1ticas en Sportalsub.net? \u2013 Cont\u00e1ctanos","rel":"","context":"Entrada similar","block_context":{"text":"Entrada similar","link":""},"img":{"alt_text":"","src":"https:\/\/i0.wp.com\/www.sportalsub.net\/en\/wp-content\/uploads\/2018\/02\/worldcalendar.jpg?resize=350%2C200","width":350,"height":200,"srcset":"https:\/\/i0.wp.com\/www.sportalsub.net\/en\/wp-content\/uploads\/2018\/02\/worldcalendar.jpg?resize=350%2C200 1x, https:\/\/i0.wp.com\/www.sportalsub.net\/en\/wp-content\/uploads\/2018\/02\/worldcalendar.jpg?resize=525%2C300 1.5x, https:\/\/i0.wp.com\/www.sportalsub.net\/en\/wp-content\/uploads\/2018\/02\/worldcalendar.jpg?resize=700%2C400 2x"},"classes":[]},{"id":7338,"url":"https:\/\/www.sportalsub.net\/blog\/eventos\/venezuela\/","url_meta":{"origin":555,"position":1},"title":"\ud83c\uddfb\ud83c\uddea Venezuela","author":"Sportalsub.net","date":"8 enero 2011","format":false,"excerpt":"Calendario de Pr\u00f3ximos Eventos Subacu\u00e1ticos en Venezuela \ud83c\uddfb\ud83c\uddea\u00a0Federaci\u00f3n Venezolana de Actividades Subacu\u00e1ticas (FVAS) \u2013 Calendario 2020","rel":"","context":"Entrada similar","block_context":{"text":"Entrada similar","link":""},"img":{"alt_text":"","src":"","width":0,"height":0},"classes":[]},{"id":7344,"url":"https:\/\/www.sportalsub.net\/blog\/eventos\/colombia\/","url_meta":{"origin":555,"position":2},"title":"\ud83c\udde8\ud83c\uddf4 Colombia","author":"Sportalsub.net","date":"8 enero 2011","format":false,"excerpt":"Calendario de Pr\u00f3ximos Eventos Subacu\u00e1ticos en Colombia \ud83c\udde8\ud83c\uddf4\u00a0Federaci\u00f3n Colombiana de Actividades Subacu\u00e1ticas (FEDECAS) - Calendario 2020","rel":"","context":"Entrada similar","block_context":{"text":"Entrada similar","link":""},"img":{"alt_text":"","src":"","width":0,"height":0},"classes":[]},{"id":7379,"url":"https:\/\/www.sportalsub.net\/blog\/eventos\/argentina\/","url_meta":{"origin":555,"position":3},"title":"\ud83c\udde6\ud83c\uddf7 Argentina","author":"Sportalsub.net","date":"8 enero 2011","format":false,"excerpt":"Calendario de Pr\u00f3ximos Eventos Subacu\u00e1ticos en Argentina \ud83c\udde6\ud83c\uddf7\u00a0Federaci\u00f3n Argentina De Actividades Subacu\u00e1ticas (FAAS) \u2013 Calendario 2020","rel":"","context":"Entrada similar","block_context":{"text":"Entrada similar","link":""},"img":{"alt_text":"","src":"","width":0,"height":0},"classes":[]},{"id":7384,"url":"https:\/\/www.sportalsub.net\/blog\/eventos\/espana\/","url_meta":{"origin":555,"position":4},"title":"\ud83c\uddea\ud83c\uddf8 Espa\u00f1a","author":"Sportalsub.net","date":"8 enero 2011","format":false,"excerpt":"Calendario de Pr\u00f3ximos Eventos Subacu\u00e1ticos en Espa\u00f1a \ud83c\uddea\ud83c\uddf8\u00a0Federaci\u00f3n Espa\u00f1ola De Actividades Subacu\u00e1ticas (FEDAS) \u2013 Calendario 2020","rel":"","context":"Entrada similar","block_context":{"text":"Entrada similar","link":""},"img":{"alt_text":"","src":"","width":0,"height":0},"classes":[]},{"id":7425,"url":"https:\/\/www.sportalsub.net\/blog\/eventos\/ecuador\/","url_meta":{"origin":555,"position":5},"title":"\ud83c\uddea\ud83c\udde8 Ecuador","author":"Sportalsub.net","date":"8 enero 2011","format":false,"excerpt":"Calendario de Pr\u00f3ximos Eventos Subacu\u00e1ticos en Ecuador \ud83c\uddea\ud83c\udde8\u00a0Federaci\u00f3n Ecuatoriana de Buceo y Actividades Subacu\u00e1ticas (FEDASUB) \u2013 Calendario 2020","rel":"","context":"Con 2 comentarios","block_context":{"text":"Con 2 comentarios","link":"https:\/\/www.sportalsub.net\/blog\/eventos\/ecuador\/#comments"},"img":{"alt_text":"","src":"","width":0,"height":0},"classes":[]}],"_links":{"self":[{"href":"https:\/\/www.sportalsub.net\/blog\/wp-json\/wp\/v2\/pages\/555","targetHints":{"allow":["GET"]}}],"collection":[{"href":"https:\/\/www.sportalsub.net\/blog\/wp-json\/wp\/v2\/pages"}],"about":[{"href":"https:\/\/www.sportalsub.net\/blog\/wp-json\/wp\/v2\/types\/page"}],"author":[{"embeddable":true,"href":"https:\/\/www.sportalsub.net\/blog\/wp-json\/wp\/v2\/users\/1"}],"replies":[{"embeddable":true,"href":"https:\/\/www.sportalsub.net\/blog\/wp-json\/wp\/v2\/comments?post=555"}],"version-history":[{"count":473,"href":"https:\/\/www.sportalsub.net\/blog\/wp-json\/wp\/v2\/pages\/555\/revisions"}],"predecessor-version":[{"id":85956,"href":"https:\/\/www.sportalsub.net\/blog\/wp-json\/wp\/v2\/pages\/555\/revisions\/85956"}],"up":[{"embeddable":true,"href":"https:\/\/www.sportalsub.net\/blog\/wp-json\/wp\/v2\/pages\/16"}],"wp:attachment":[{"href":"https:\/\/www.sportalsub.net\/blog\/wp-json\/wp\/v2\/media?parent=555"}],"curies":[{"name":"wp","href":"https:\/\/api.w.org\/{rel}","templated":true}]}}