{"id":7344,"date":"2011-01-08T15:45:05","date_gmt":"2011-01-08T20:15:05","guid":{"rendered":"http:\/\/www.sportalsub.net\/blog\/"},"modified":"2020-02-06T06:11:16","modified_gmt":"2020-02-06T10:11:16","slug":"colombia","status":"publish","type":"page","link":"https:\/\/www.sportalsub.net\/blog\/eventos\/colombia\/","title":{"rendered":"\ud83c\udde8\ud83c\uddf4 Colombia"},"content":{"rendered":"<p>Calendario de Pr\u00f3ximos Eventos Subacu\u00e1ticos en Colombia<\/p>\n<h3><strong><a href=\"https:\/\/www.sportalsub.net\/blog\/calendario-2020-fedecas-colombia\"class=\"bump-view\" title=\"\ud83c\udde8\ud83c\uddf4 Federaci\u00f3n Colombiana de Actividades Subacu\u00e1ticas (FEDECAS) - Calendario 2020\"  data-bump-view=\"tp\">\ud83c\udde8\ud83c\uddf4\u00a0Federaci\u00f3n Colombiana de Actividades Subacu\u00e1ticas (FEDECAS) &#8211; Calendario 2020<\/a><\/strong><\/h3>\n<p><iframe loading=\"lazy\" style=\"border-width: 0;\" src=\"https:\/\/www.google.com\/calendar\/embed?showTz=0&amp;mode=AGENDA&amp;height=600&amp;wkst=2&amp;bgcolor=%23FFFFFF&amp;src=0n6avv804rskpd4qsvau4ep1ls%40group.calendar.google.com&amp;color=%23856508&amp;ctz=America%2FCaracas\" width=\"600\" height=\"600\" frameborder=\"0\" scrolling=\"no\"><\/iframe><\/p>\n","protected":false},"excerpt":{"rendered":"<p>Calendario de Pr\u00f3ximos Eventos Subacu\u00e1ticos en Colombia \ud83c\udde8\ud83c\uddf4\u00a0Federaci\u00f3n Colombiana de Actividades Subacu\u00e1ticas (FEDECAS) &#8211; Calendario 2020<\/p>\n","protected":false},"author":1,"featured_media":0,"parent":555,"menu_order":5,"comment_status":"open","ping_status":"closed","template":"","meta":{"_lmt_disableupdate":"","_lmt_disable":"","jetpack_post_was_ever_published":false,"footnotes":""},"class_list":["post-7344","page","type-page","status-publish","hentry"],"jetpack_sharing_enabled":true,"jetpack_shortlink":"https:\/\/wp.me\/Pf9lN-1Us","jetpack_likes_enabled":false,"jetpack-related-posts":[{"id":67627,"url":"https:\/\/www.sportalsub.net\/blog\/eventos-2023\/","url_meta":{"origin":7344,"position":0},"title":"\ud83d\udcc5 Calendario Mundial de Eventos Subacu\u00e1ticos 2023","author":"Sportalsub.net","date":"18 diciembre 2023","format":false,"excerpt":"Calendario de Eventos de inter\u00e9s para la comunidad de actividades subacu\u00e1ticas de habla hispana. RESULTADOS DE EVENTOS\u00a0 - PR\u00d3XIMOS EVENTOS A\u00d1O 2023 Enero 2023 Semana Master Internacional CMAS World Cup \u2705 Pesca Submarina. 26-29. Palma de Mallorca, Espa\u00f1a \ud83c\uddea\ud83c\uddf8 AIDA Olmeca Open 2023 \u2705 Apnea (piscina). 27-29 Acapulco, M\u00e9xico \ud83c\uddf2\ud83c\uddfd\u2026","rel":"","context":"Entrada similar","block_context":{"text":"Entrada similar","link":""},"img":{"alt_text":"","src":"https:\/\/i0.wp.com\/www.sportalsub.net\/en\/wp-content\/uploads\/2018\/02\/worldcalendar.jpg?resize=350%2C200","width":350,"height":200,"srcset":"https:\/\/i0.wp.com\/www.sportalsub.net\/en\/wp-content\/uploads\/2018\/02\/worldcalendar.jpg?resize=350%2C200 1x, https:\/\/i0.wp.com\/www.sportalsub.net\/en\/wp-content\/uploads\/2018\/02\/worldcalendar.jpg?resize=525%2C300 1.5x, https:\/\/i0.wp.com\/www.sportalsub.net\/en\/wp-content\/uploads\/2018\/02\/worldcalendar.jpg?resize=700%2C400 2x"},"classes":[]},{"id":70040,"url":"https:\/\/www.sportalsub.net\/blog\/eventos-2024","url_meta":{"origin":7344,"position":1},"title":"\ud83d\udcc5 Calendario Internacional de Eventos Subacu\u00e1ticos 2024","author":"Sportalsub.net","date":"2 marzo 2024","format":false,"excerpt":"Calendario de Eventos de inter\u00e9s para la comunidad de actividades subacu\u00e1ticas de habla hispana << Resultados 2023 - Resultados 2025 >> Resultados 2024 << Resultados 2023 - Resultados 2025 >>","rel":"","context":"Entrada similar","block_context":{"text":"Entrada similar","link":""},"img":{"alt_text":"","src":"https:\/\/i0.wp.com\/www.sportalsub.net\/en\/wp-content\/uploads\/2018\/02\/worldcalendar.jpg?resize=350%2C200","width":350,"height":200,"srcset":"https:\/\/i0.wp.com\/www.sportalsub.net\/en\/wp-content\/uploads\/2018\/02\/worldcalendar.jpg?resize=350%2C200 1x, https:\/\/i0.wp.com\/www.sportalsub.net\/en\/wp-content\/uploads\/2018\/02\/worldcalendar.jpg?resize=525%2C300 1.5x, https:\/\/i0.wp.com\/www.sportalsub.net\/en\/wp-content\/uploads\/2018\/02\/worldcalendar.jpg?resize=700%2C400 2x"},"classes":[]},{"id":84594,"url":"https:\/\/www.sportalsub.net\/blog\/eventos-2025\/","url_meta":{"origin":7344,"position":2},"title":"\ud83d\udcc5 Calendario Internacional de Eventos Subacu\u00e1ticos 2025","author":"Sportalsub.net","date":"21 diciembre 2025","format":false,"excerpt":"Calendario de Eventos de inter\u00e9s para la comunidad de actividades subacu\u00e1ticas de habla hispana English Version << Resultados 2024 - Eventos 2026 >> 2025 << Resultados 2024 - Eventos 2026 >> \u00bfQuieres publicar o promocionar tu evento, torneo o competencia de actividades subacu\u00e1ticas en Sportalsub.net? \u2013 Cont\u00e1ctanos","rel":"","context":"Entrada similar","block_context":{"text":"Entrada similar","link":""},"img":{"alt_text":"","src":"https:\/\/i0.wp.com\/www.sportalsub.net\/en\/wp-content\/uploads\/2018\/02\/worldcalendar.jpg?resize=350%2C200","width":350,"height":200,"srcset":"https:\/\/i0.wp.com\/www.sportalsub.net\/en\/wp-content\/uploads\/2018\/02\/worldcalendar.jpg?resize=350%2C200 1x, https:\/\/i0.wp.com\/www.sportalsub.net\/en\/wp-content\/uploads\/2018\/02\/worldcalendar.jpg?resize=525%2C300 1.5x, https:\/\/i0.wp.com\/www.sportalsub.net\/en\/wp-content\/uploads\/2018\/02\/worldcalendar.jpg?resize=700%2C400 2x"},"classes":[]},{"id":555,"url":"https:\/\/www.sportalsub.net\/blog\/eventos","url_meta":{"origin":7344,"position":3},"title":"\ud83d\udcc5 Calendario Internacional de Eventos Subacu\u00e1ticos","author":"Sportalsub.net","date":"5 noviembre 2008","format":false,"excerpt":"Calendario de Eventos de inter\u00e9s para la comunidad de actividades subacu\u00e1ticas de habla hispana English Version << Resultados 2025 2026 2027 Campeonatos Panamericanos CMAS 2027 Apnea y Nataci\u00f3n con aletas (p\u00edscina) (por definir) Rio de Janeiro, Brasil \ud83c\udde7\ud83c\uddf7 [\/lightweight-accordion] << Resultados 2025 CALENDARIO CMAS\u00a0\u2013\u00a0CALENDARIO AIDA \u00bfQuieres publicar o promocionar tu\u2026","rel":"","context":"En \u00abGeneral\u00bb","block_context":{"text":"General","link":"https:\/\/www.sportalsub.net\/blog\/category\/general\/"},"img":{"alt_text":"","src":"https:\/\/i0.wp.com\/www.sportalsub.net\/blog\/wp-content\/uploads\/2018\/02\/worldcalendar.jpg?resize=350%2C200&ssl=1","width":350,"height":200,"srcset":"https:\/\/i0.wp.com\/www.sportalsub.net\/blog\/wp-content\/uploads\/2018\/02\/worldcalendar.jpg?resize=350%2C200&ssl=1 1x, https:\/\/i0.wp.com\/www.sportalsub.net\/blog\/wp-content\/uploads\/2018\/02\/worldcalendar.jpg?resize=525%2C300&ssl=1 1.5x, https:\/\/i0.wp.com\/www.sportalsub.net\/blog\/wp-content\/uploads\/2018\/02\/worldcalendar.jpg?resize=700%2C400&ssl=1 2x"},"classes":[]},{"id":7338,"url":"https:\/\/www.sportalsub.net\/blog\/eventos\/venezuela\/","url_meta":{"origin":7344,"position":4},"title":"\ud83c\uddfb\ud83c\uddea Venezuela","author":"Sportalsub.net","date":"8 enero 2011","format":false,"excerpt":"Calendario de Pr\u00f3ximos Eventos Subacu\u00e1ticos en Venezuela \ud83c\uddfb\ud83c\uddea\u00a0Federaci\u00f3n Venezolana de Actividades Subacu\u00e1ticas (FVAS) \u2013 Calendario 2020","rel":"","context":"Entrada similar","block_context":{"text":"Entrada similar","link":""},"img":{"alt_text":"","src":"","width":0,"height":0},"classes":[]},{"id":7379,"url":"https:\/\/www.sportalsub.net\/blog\/eventos\/argentina\/","url_meta":{"origin":7344,"position":5},"title":"\ud83c\udde6\ud83c\uddf7 Argentina","author":"Sportalsub.net","date":"8 enero 2011","format":false,"excerpt":"Calendario de Pr\u00f3ximos Eventos Subacu\u00e1ticos en Argentina \ud83c\udde6\ud83c\uddf7\u00a0Federaci\u00f3n Argentina De Actividades Subacu\u00e1ticas (FAAS) \u2013 Calendario 2020","rel":"","context":"Entrada similar","block_context":{"text":"Entrada similar","link":""},"img":{"alt_text":"","src":"","width":0,"height":0},"classes":[]}],"_links":{"self":[{"href":"https:\/\/www.sportalsub.net\/blog\/wp-json\/wp\/v2\/pages\/7344","targetHints":{"allow":["GET"]}}],"collection":[{"href":"https:\/\/www.sportalsub.net\/blog\/wp-json\/wp\/v2\/pages"}],"about":[{"href":"https:\/\/www.sportalsub.net\/blog\/wp-json\/wp\/v2\/types\/page"}],"author":[{"embeddable":true,"href":"https:\/\/www.sportalsub.net\/blog\/wp-json\/wp\/v2\/users\/1"}],"replies":[{"embeddable":true,"href":"https:\/\/www.sportalsub.net\/blog\/wp-json\/wp\/v2\/comments?post=7344"}],"version-history":[{"count":0,"href":"https:\/\/www.sportalsub.net\/blog\/wp-json\/wp\/v2\/pages\/7344\/revisions"}],"up":[{"embeddable":true,"href":"https:\/\/www.sportalsub.net\/blog\/wp-json\/wp\/v2\/pages\/555"}],"wp:attachment":[{"href":"https:\/\/www.sportalsub.net\/blog\/wp-json\/wp\/v2\/media?parent=7344"}],"curies":[{"name":"wp","href":"https:\/\/api.w.org\/{rel}","templated":true}]}}