{"id":7429,"date":"2011-01-08T19:05:24","date_gmt":"2011-01-08T23:35:24","guid":{"rendered":"http:\/\/www.sportalsub.net\/blog\/"},"modified":"2011-01-20T06:32:19","modified_gmt":"2011-01-20T11:02:19","slug":"mexico","status":"publish","type":"page","link":"https:\/\/www.sportalsub.net\/blog\/quienes-somos\/eventos\/mexico\/","title":{"rendered":"M\u00e9xico"},"content":{"rendered":"<p>Calendario de Pr\u00f3ximos Eventos Subacu\u00e1ticos en M\u00e9xico<\/p>\n<p><iframe loading=\"lazy\" src=\"https:\/\/www.google.com\/calendar\/embed?showTz=0&amp;mode=AGENDA&amp;height=600&amp;wkst=2&amp;bgcolor=%23FFFFFF&amp;src=gg8ghfcgsgi1jqdjtfu9smsfnk%40group.calendar.google.com&amp;color=%232F6309&amp;ctz=America%2FCaracas\" style=\" border-width:0 \" width=\"600\" height=\"600\" frameborder=\"0\" scrolling=\"no\"><\/iframe><\/p>\n","protected":false},"excerpt":{"rendered":"<p>Calendario de Pr\u00f3ximos Eventos Subacu\u00e1ticos en M\u00e9xico<\/p>\n","protected":false},"author":1,"featured_media":0,"parent":555,"menu_order":10,"comment_status":"open","ping_status":"closed","template":"","meta":{"_lmt_disableupdate":"","_lmt_disable":"","jetpack_post_was_ever_published":false,"footnotes":""},"class_list":["post-7429","page","type-page","status-publish","hentry"],"jetpack_sharing_enabled":true,"jetpack_shortlink":"https:\/\/wp.me\/Pf9lN-1VP","jetpack_likes_enabled":false,"jetpack-related-posts":[{"id":7338,"url":"https:\/\/www.sportalsub.net\/blog\/eventos\/venezuela\/","url_meta":{"origin":7429,"position":0},"title":"\ud83c\uddfb\ud83c\uddea Venezuela","author":"Sportalsub.net","date":"8 enero 2011","format":false,"excerpt":"Calendario de Pr\u00f3ximos Eventos Subacu\u00e1ticos en Venezuela \ud83c\uddfb\ud83c\uddea\u00a0Federaci\u00f3n Venezolana de Actividades Subacu\u00e1ticas (FVAS) \u2013 Calendario 2020","rel":"","context":"Entrada similar","block_context":{"text":"Entrada similar","link":""},"img":{"alt_text":"","src":"","width":0,"height":0},"classes":[]},{"id":7344,"url":"https:\/\/www.sportalsub.net\/blog\/eventos\/colombia\/","url_meta":{"origin":7429,"position":1},"title":"\ud83c\udde8\ud83c\uddf4 Colombia","author":"Sportalsub.net","date":"8 enero 2011","format":false,"excerpt":"Calendario de Pr\u00f3ximos Eventos Subacu\u00e1ticos en Colombia \ud83c\udde8\ud83c\uddf4\u00a0Federaci\u00f3n Colombiana de Actividades Subacu\u00e1ticas (FEDECAS) - Calendario 2020","rel":"","context":"Entrada similar","block_context":{"text":"Entrada similar","link":""},"img":{"alt_text":"","src":"","width":0,"height":0},"classes":[]},{"id":7379,"url":"https:\/\/www.sportalsub.net\/blog\/eventos\/argentina\/","url_meta":{"origin":7429,"position":2},"title":"\ud83c\udde6\ud83c\uddf7 Argentina","author":"Sportalsub.net","date":"8 enero 2011","format":false,"excerpt":"Calendario de Pr\u00f3ximos Eventos Subacu\u00e1ticos en Argentina \ud83c\udde6\ud83c\uddf7\u00a0Federaci\u00f3n Argentina De Actividades Subacu\u00e1ticas (FAAS) \u2013 Calendario 2020","rel":"","context":"Entrada similar","block_context":{"text":"Entrada similar","link":""},"img":{"alt_text":"","src":"","width":0,"height":0},"classes":[]},{"id":7384,"url":"https:\/\/www.sportalsub.net\/blog\/eventos\/espana\/","url_meta":{"origin":7429,"position":3},"title":"\ud83c\uddea\ud83c\uddf8 Espa\u00f1a","author":"Sportalsub.net","date":"8 enero 2011","format":false,"excerpt":"Calendario de Pr\u00f3ximos Eventos Subacu\u00e1ticos en Espa\u00f1a \ud83c\uddea\ud83c\uddf8\u00a0Federaci\u00f3n Espa\u00f1ola De Actividades Subacu\u00e1ticas (FEDAS) \u2013 Calendario 2020","rel":"","context":"Entrada similar","block_context":{"text":"Entrada similar","link":""},"img":{"alt_text":"","src":"","width":0,"height":0},"classes":[]},{"id":7425,"url":"https:\/\/www.sportalsub.net\/blog\/eventos\/ecuador\/","url_meta":{"origin":7429,"position":4},"title":"\ud83c\uddea\ud83c\udde8 Ecuador","author":"Sportalsub.net","date":"8 enero 2011","format":false,"excerpt":"Calendario de Pr\u00f3ximos Eventos Subacu\u00e1ticos en Ecuador \ud83c\uddea\ud83c\udde8\u00a0Federaci\u00f3n Ecuatoriana de Buceo y Actividades Subacu\u00e1ticas (FEDASUB) \u2013 Calendario 2020","rel":"","context":"Con 2 comentarios","block_context":{"text":"Con 2 comentarios","link":"https:\/\/www.sportalsub.net\/blog\/eventos\/ecuador\/#comments"},"img":{"alt_text":"","src":"","width":0,"height":0},"classes":[]},{"id":7347,"url":"https:\/\/www.sportalsub.net\/blog\/eventos\/chile\/","url_meta":{"origin":7429,"position":5},"title":"\ud83c\udde8\ud83c\uddf1 Chile","author":"Sportalsub.net","date":"8 enero 2011","format":false,"excerpt":"Calendario de Pr\u00f3ximos Eventos Subacu\u00e1ticos en Chile \ud83c\udde8\ud83c\uddf1\u00a0Federaci\u00f3n Deportiva Nacional De Actividades Subacu\u00e1ticas Y Salvamento Acu\u00e1tico (FEDESUB) Chile \u2013 Calendario 2020","rel":"","context":"Entrada similar","block_context":{"text":"Entrada similar","link":""},"img":{"alt_text":"","src":"","width":0,"height":0},"classes":[]}],"_links":{"self":[{"href":"https:\/\/www.sportalsub.net\/blog\/wp-json\/wp\/v2\/pages\/7429","targetHints":{"allow":["GET"]}}],"collection":[{"href":"https:\/\/www.sportalsub.net\/blog\/wp-json\/wp\/v2\/pages"}],"about":[{"href":"https:\/\/www.sportalsub.net\/blog\/wp-json\/wp\/v2\/types\/page"}],"author":[{"embeddable":true,"href":"https:\/\/www.sportalsub.net\/blog\/wp-json\/wp\/v2\/users\/1"}],"replies":[{"embeddable":true,"href":"https:\/\/www.sportalsub.net\/blog\/wp-json\/wp\/v2\/comments?post=7429"}],"version-history":[{"count":0,"href":"https:\/\/www.sportalsub.net\/blog\/wp-json\/wp\/v2\/pages\/7429\/revisions"}],"up":[{"embeddable":true,"href":"https:\/\/www.sportalsub.net\/blog\/wp-json\/wp\/v2\/pages\/555"}],"wp:attachment":[{"href":"https:\/\/www.sportalsub.net\/blog\/wp-json\/wp\/v2\/media?parent=7429"}],"curies":[{"name":"wp","href":"https:\/\/api.w.org\/{rel}","templated":true}]}}