{"id":68872,"date":"2023-12-18T07:46:35","date_gmt":"2023-12-18T11:46:35","guid":{"rendered":"https:\/\/www.sportalsub.net\/en\/?page_id=68872"},"modified":"2024-05-04T13:16:16","modified_gmt":"2024-05-04T17:16:16","slug":"calendar-2023","status":"publish","type":"page","link":"https:\/\/www.sportalsub.net\/en\/calendar-2023\/","title":{"rendered":"\ud83d\udcc5  World Underwater Sports Calendar 2023"},"content":{"rendered":"<p><img loading=\"lazy\" decoding=\"async\" class=\"alignnone size-full wp-image-3145\" src=\"http:\/\/www.sportalsub.net\/en\/wp-content\/uploads\/2018\/02\/worldcalendar.jpg\" alt=\"\" width=\"900\" height=\"550\" srcset=\"https:\/\/www.sportalsub.net\/en\/wp-content\/uploads\/2018\/02\/worldcalendar.jpg 900w, https:\/\/www.sportalsub.net\/en\/wp-content\/uploads\/2018\/02\/worldcalendar-300x183.jpg 300w, https:\/\/www.sportalsub.net\/en\/wp-content\/uploads\/2018\/02\/worldcalendar-768x469.jpg 768w\" sizes=\"auto, (max-width: 900px) 100vw, 900px\" \/><\/p>\n<p><strong><a href=\"http:\/\/www.sportalsub.net\/en\/calendar-2022\/\">&lt;&lt; Back to Year 2022<\/a>\u00a0 \u00a0\u00a0<a href=\"http:\/\/www.sportalsub.net\/en\/calendar\/\">Go to Year 2024 &gt;&gt;<\/a><\/strong><\/p>\n<h2 style=\"text-align: center;\"><strong>YEAR 2023<\/strong><\/h2>\n<hr \/>\n<h3 style=\"text-align: center;\">January 2023<\/h3>\n<p style=\"text-align: center;\"><a href=\"https:\/\/www.sportalsub.net\/en\/semana-master-pescasub-2023\/\"><strong>Semana Master Internacional CMAS World Cup<\/strong><\/a> <strong>\u2705<\/strong><br \/>\nSpearfishing. 26-29. Palma de Mallorca, Spain\u00a0\ud83c\uddea\ud83c\uddf8<\/p>\n<hr \/>\n<h3 style=\"text-align: center;\">February 2023<\/h3>\n<p style=\"text-align: center;\"><strong>\u00a0<a href=\"https:\/\/www.sportalsub.net\/en\/results-australian-finswimming-2023\/\">Australian Finswimming Championships 2023<\/a> \u2705<\/strong><br \/>\nFinswimming (pool). 18-19. Gold Coast, Australia \ud83c\udde6\ud83c\uddfa<\/p>\n<p style=\"text-align: center;\"><a href=\"https:\/\/www.sportalsub.net\/en\/diamant-cup-finswimming-hungary-2023\/\"><strong>12th\/1.MCM-Diamant Cup<\/strong><\/a> <strong>\u2705<\/strong><br \/>\nFinswimming (pool). 25. Kaposv\u00e1r, Hungary \ud83c\udded\ud83c\uddfa<\/p>\n<hr \/>\n<h3 style=\"text-align: center;\">March 2023<\/h3>\n<p style=\"text-align: center;\"><a href=\"https:\/\/www.sportalsub.net\/en\/finswimming-cali-2023\/\"><strong>XVII CMAS World Cup Round 1<\/strong><\/a> <strong>\u2705<\/strong><br \/>\nFinswimming (pool). 3-5. Cali, Colombia \ud83c\udde8\ud83c\uddf4<\/p>\n<p style=\"text-align: center;\"><strong><a href=\"https:\/\/www.sportalsub.net\/en\/finswimming-lignano-2023\/\">XVII CMAS World Cup Round 2<\/a> \u2705<br \/>\n<\/strong>Finswimming (pool). 17-19. Lignano Sabbiadoro, Italy \ud83c\uddee\ud83c\uddf9<\/p>\n<p style=\"text-align: center;\"><a href=\"https:\/\/www.sportalsub.net\/en\/bonabyss2023\/\"><strong>BonAbyss2023 AIDA World Record\u00a0Attempt by Alexey Molchanov<\/strong><\/a> <strong>\u2705<\/strong><br \/>\nFreediving (outdoor-depth). 24-29. Kralendijk, Bonaire \ud83c\udde7\ud83c\uddf6<\/p>\n<hr \/>\n<h3 style=\"text-align: center;\">April 2023<\/h3>\n<p style=\"text-align: center;\"><a href=\"https:\/\/www.sportalsub.net\/en\/mia-freediving-workshop-2022\/\"><strong>MIA Workshop with Umberto Peilzzari<\/strong><\/a><br \/>\nFreediving. 1-2. Miami, USA \ud83c\uddfa\ud83c\uddf8<\/p>\n<p style=\"text-align: center;\"><a href=\"https:\/\/www.sportalsub.net\/en\/finswimming-eger-2023\/\"><strong>XVII CMAS World Cup Round 3<\/strong><\/a> <strong>\u2705<\/strong><br \/>\nFinswimming (pool). 14-16 Eger, Hungary\u00a0\ud83c\udded\ud83c\uddfa<\/p>\n<p style=\"text-align: center;\"><strong><a href=\"https:\/\/www.sportalsub.net\/en\/finswimming-klaipeda-2023\/\">XVII CMAS World Cup Round 4<\/a> \u2705<br \/>\n<\/strong>Finswimming (pool). 28-30. Klaipeda, Lithuania\u00a0\ud83c\uddf1\ud83c\uddf9<\/p>\n<hr \/>\n<h3 style=\"text-align: center;\">May 2023<\/h3>\n<p style=\"text-align: center;\"><a href=\"https:\/\/www.sportalsub.net\/en\/supetar-2023\/\"><strong>2nd CMAS World Cup for Clubs<\/strong><\/a> \u26d4<br \/>\nSpearfishing. 3-7. Supetar, Croatia\u00a0\ud83c\udded\ud83c\uddf7<\/p>\n<p style=\"text-align: center;\"><strong><a href=\"https:\/\/www.sportalsub.net\/en\/colombian-cup-2023-depth-competition\" rel=\"bookmark\">Colombian Cup 2023<\/a> \u2705<br \/>\n<\/strong>Freediving (outdoor-depth). 3-7. San Andr\u00e9s, Colombia \ud83c\udde8\ud83c\uddf4<\/p>\n<p style=\"text-align: center;\"><a href=\"https:\/\/www.sportalsub.net\/en\/finswimming-cambodia2023\/\"><strong>Southeast Asian Games<\/strong><\/a> <strong>\u2705<\/strong><br \/>\nFinswimming (pool). 5-17. Phnom Penh, Cambodia\u00a0\ud83c\uddf0\ud83c\udded<\/p>\n<p style=\"text-align: center;\"><a href=\"https:\/\/www.sportalsub.net\/en\/cmas-freediving-kuwait-2023\/\"><strong>CMAS World Championship<\/strong><\/a> <strong>\u2705<\/strong><br \/>\nFreediving (indoor-pool). 8-13. Kuwait \ud83c\uddf0\ud83c\uddfc<\/p>\n<p style=\"text-align: center;\"><a href=\"https:\/\/www.sportalsub.net\/en\/finswimming-coral-springs-2023\/\"><strong>XVII CMAS World Cup Round 5<\/strong><\/a> <strong>\u2705<\/strong><br \/>\nFinswimming (pool). 12-14. Coral Springs, USA\u00a0\ud83c\uddfa\ud83c\uddf8<\/p>\n<p style=\"text-align: center;\"><a href=\"https:\/\/www.sportalsub.net\/en\/open-tirosub-france-2023\/\"><strong>Open International<\/strong><\/a> <strong>\u2705<\/strong><br \/>\nUnderwater Shooting. 26-28. Caen-La-Mer, France\u00a0\ud83c\uddeb\ud83c\uddf7<\/p>\n<hr \/>\n<h3 style=\"text-align: center;\">June 2023<\/h3>\n<p style=\"text-align: center;\"><a href=\"https:\/\/www.sportalsub.net\/en\/aida-jeju-2023\/\"><strong>AIDA Individual World Championship<\/strong><\/a> <strong>\u2705<\/strong><br \/>\nFreediving (indoor-pool). 10-14. Jeju, Korea \ud83c\uddf0\ud83c\uddf7<\/p>\n<p style=\"text-align: center;\"><a href=\"https:\/\/www.sportalsub.net\/en\/finswimming-junior-egypt-2023\/\"><strong>18\u00b0 CMAS Junior World Championship<\/strong><\/a> <strong>\u2705<\/strong><br \/>\nFinswimming (pool). 19-24. Cairo, Egypt \ud83c\uddea\ud83c\uddec<\/p>\n<p style=\"text-align: center;\"><a href=\"https:\/\/www.sportalsub.net\/en\/finswimming-master-egypt-2023\/\"><strong>CMAS Master World Championship<\/strong><\/a> <strong>\u2705<\/strong><br \/>\nFinswimming (pool). 25-26. Cairo, Egypt \ud83c\uddea\ud83c\uddec<\/p>\n<hr \/>\n<h3 style=\"text-align: center;\">July 2023<\/h3>\n<p style=\"text-align: center;\"><a href=\"https:\/\/www.sportalsub.net\/en\/underwater-rugby-canada-2023\/\"title=\"\ud83c\udde8\ud83c\udde6 12th CMAS Underwater Rugby World Championship \u2013 Montreal, Canada 2023\" ><strong>12th CMAS World Championship <\/strong><\/a><strong>\u2705<\/strong><a title=\"\ud83c\udde8\ud83c\udde6 12th CMAS Underwater Rugby World Championship \u2013 Montreal, Canada 2023\" href=\"https:\/\/www.sportalsub.net\/en\/underwater-rugby-canada-2023\/\"><strong><br \/>\n<\/strong><\/a>Underwater Rugby. 7-15. Montreal, Canada \ud83c\udde8\ud83c\udde6<\/p>\n<p style=\"text-align: center;\"><strong><a href=\"https:\/\/www.sportalsub.net\/en\/subacuaticas-santamarta-2023\" rel=\"bookmark\">South American Beach Games<\/a> \u2705<br \/>\n<\/strong>Finswimming (open water). 15-17. Santa Marta, Colombia \ud83c\udde8\ud83c\uddf4<\/p>\n<p style=\"text-align: center;\"><a href=\"https:\/\/www.sportalsub.net\/en\/finswimming-european-hungary-2023\/\"><strong>23th CMAS European Championship<\/strong><\/a> <strong>\u2705<\/strong><br \/>\nFinswimming (pool). 17-23 G\u00f6d\u00f6ll\u0151, Hungary\u00a0\ud83c\udded\ud83c\uddfa<\/p>\n<p style=\"text-align: center;\"><a href=\"https:\/\/www.sportalsub.net\/en\/uwhworlds2023\"><strong>CMAS Elite and Master World Championship<\/strong><\/a> <strong>\u2705<\/strong><br \/>\nUnderwater Hockey. 18-30. Gold Coast, Australia \ud83c\udde6\ud83c\uddfa<\/p>\n<p style=\"text-align: center;\"><a href=\"https:\/\/www.sportalsub.net\/en\/vertical-blue-2023\/\"><strong>Vertical Blue 2023 AIDA<\/strong><\/a> <strong>\u2705<\/strong><br \/>\nFreediving (outdoor-depth). 20-30 Long Island. Bahamas\u00a0\ud83c\udde7\ud83c\uddf8<\/p>\n<hr \/>\n<h3 style=\"text-align: center;\">August 2023<\/h3>\n<p style=\"text-align: center;\"><a href=\"https:\/\/www.sportalsub.net\/en\/caribbean-cup-2023\/\"><strong>10th Caribbean Cup<\/strong><\/a> <strong>\u2705<\/strong><br \/>\nFreediving (outdoor-depth). 11-15. Roatan, Honduras\u00a0\ud83c\udded\ud83c\uddf3<\/p>\n<p style=\"text-align: center;\"><a href=\"https:\/\/www.sportalsub.net\/en\/cmas-freediving-cuba-2023\"><strong>7th CMAS World Championship<\/strong><\/a> <strong>\u2705<\/strong><br \/>\nFreediving (outdoor-depth). 19-27. Roatan, Honduras \ud83c\udded\ud83c\uddf3<\/p>\n<p style=\"text-align: center;\"><a href=\"https:\/\/www.sportalsub.net\/en\/finswimmming-cmas-america-colombia-2023\/\"><strong>8th CMAS Panamerican Championship and 1st American Cup Junior &#8211; Master \u2705<br \/>\n<\/strong><\/a>Finswimming (pool). 29-3sept. Barranquilla, Colombia \ud83c\udde8\ud83c\uddf4<\/p>\n<hr \/>\n<h3 style=\"text-align: center;\">September 2023<\/h3>\n<p style=\"text-align: center;\"><a href=\"https:\/\/www.sportalsub.net\/en\/pescasub-spain-2023\/\"><strong>XXXIII CMAS Spearfishing World Championship \u2705<\/strong><\/a><br \/>\nSpearfishing. 7-10. Laredo, Spain\u00a0\ud83c\uddea\ud83c\uddf8<\/p>\n<p style=\"text-align: center;\"><a href=\"https:\/\/www.sportalsub.net\/en\/finswimming-heraklion-2023\"><strong>3rd Mediterranean Beach Games<\/strong><\/a> <strong>\u2705<\/strong><br \/>\nFinswimming. 14-16. Heraklion, Greece\u00a0\ud83c\uddec\ud83c\uddf7<\/p>\n<p style=\"text-align: center;\"><a href=\"https:\/\/www.sportalsub.net\/en\/aida-limassol-2023\/\"><strong>AIDA Individual World Championship<\/strong><\/a> <strong>\u2705<\/strong><br \/>\nFreediving (outdoor-depth). 19-30. Limassol, Cyprus\u00a0\ud83c\udde8\ud83c\uddfe<\/p>\n<p style=\"text-align: center;\"><a href=\"https:\/\/www.sportalsub.net\/en\/finswimming-open-water-serbia-2023\/\"><strong>CMAS Open Water World Championship Junior and Senior<\/strong><\/a> <strong>\u2705<\/strong><br \/>\nFinswimming (open water). 25-30. Belgrade, Serbia \ud83c\uddf7\ud83c\uddf8<\/p>\n<p style=\"text-align: center;\"><a href=\"https:\/\/www.sportalsub.net\/en\/finswimming-open-water-masters-serbia-2023\/\"><strong>CMAS Open Water World Championship Master<\/strong><\/a> <strong>\u2705<\/strong><br \/>\nFinswimming (open water). 27-1oct. Belgrade, Serbia \ud83c\uddf7\ud83c\uddf8<\/p>\n<hr \/>\n<h3 style=\"text-align: center;\">October 2023<\/h3>\n<p style=\"text-align: center;\"><a href=\"https:\/\/www.sportalsub.net\/en\/diving-talks\"><strong>Diving Talks<\/strong><\/a> <strong>\u2705<\/strong><br \/>\nDiving (congress). 6-8. Tr\u00f3ia, Portugal\u00a0\ud83c\uddf5\ud83c\uddf9<\/p>\n<p style=\"text-align: center;\"><a href=\"https:\/\/www.sportalsub.net\/en\/photosub-videosub-cmas-cuba-2023\/\"><strong>CMAS World Championship<\/strong><\/a> <strong>\u2705<\/strong><br \/>\nPhotosub-Videosub. 9-14. Varadero, Cuba \ud83c\udde8\ud83c\uddfa<\/p>\n<p style=\"text-align: center;\"><a href=\"https:\/\/www.sportalsub.net\/en\/finswimming-australian-masters-games-2023\/\"><strong>XIX\u00a0 Australian Master Games<\/strong><\/a> <strong>\u2705<\/strong><br \/>\nFinswimming (pool) 9. Adelaide, Australia\u00a0\ud83c\udde6\ud83c\uddfa<\/p>\n<p style=\"text-align: center;\"><strong><a href=\"https:\/\/www.sportalsub.net\/en\/golden-final-china-2023\/\">XVII CMAS World Cup Golden Final<\/a> \u2705<br \/>\n<\/strong>Finswimming (pool). 18-21. Jiangle Fujian, China \ud83c\udde8\ud83c\uddf3<\/p>\n<p style=\"text-align: center;\"><a href=\"https:\/\/www.sportalsub.net\/en\/atlantic-cup-2023\"><strong>Atlantic Cup AIDA Spain 2023<\/strong><\/a> <strong>\u2705<\/strong><br \/>\nApnea de profundidad. 31oct-1nov. Tenerife, Espa\u00f1a \ud83c\uddea\ud83c\uddf8<\/p>\n<hr \/>\n<h3 style=\"text-align: center;\">November 2023<\/h3>\n<p style=\"text-align: center;\"><strong><a href=\"https:\/\/www.sportalsub.net\/en\/yao-huali-finswimming-world-records-guanxi-china-2023\">1st Student Youth Games<\/a>\u00a0\u2705<br \/>\n<\/strong>Finswimming (pool). 1-2. Guangxi, China \ud83c\udde8\ud83c\uddf3<\/p>\n<p style=\"text-align: center;\"><a href=\"https:\/\/www.sportalsub.net\/en\/cmas-finswimming-africa-egypt-2023\/\"><strong>1\u00b0 CMAS African &amp; Arab Championship<\/strong><\/a> <strong>\u2705<\/strong><br \/>\nFinswimming (pool). 1-6. Sharm El Sheikh, Egypt \ud83c\uddea\ud83c\uddec<\/p>\n<p style=\"text-align: center;\"><a href=\"https:\/\/www.sportalsub.net\/en\/deep-dominica-november-2023\"><strong>Deep Dominica November 2023<\/strong><\/a> <strong>\u2705<\/strong><br \/>\nFreediving (depth). 13-20. Soufriere, Dominica <a href=\"https:\/\/www.sportalsub.net\/blog\/blue-element-2019\" rel=\"bookmark\">\ud83c\udde9\ud83c\uddf2<\/a><\/p>\n<p style=\"text-align: center;\"><a href=\"https:\/\/www.sportalsub.net\/en\/cmas-freediving-finswimming-parasport-italy-2023\/\"><strong>1st CMAS Para World Championship<\/strong><\/a> <strong>\u2705<\/strong><br \/>\nFinswimming and Freediving (indoor-pool). 17-19. Lignano Sabbiadoro, Italy \ud83c\uddee\ud83c\uddf9<\/p>\n<p style=\"text-align: center;\">\u00a0<a href=\"https:\/\/www.sportalsub.net\/en\/uwr-njc2023\/\"><strong>Junior Nordic Championships 2023<\/strong><\/a> <strong>\u2705<\/strong><br \/>\nUnderwater Rugby. 17-19- Helsinki, Finland \ud83c\uddeb\ud83c\uddee<\/p>\n<p style=\"text-align: center;\"><a href=\"https:\/\/www.sportalsub.net\/en\/uwrccup2023\/\"><strong>Champions Cup 2023<\/strong><\/a> <strong>\u2705<\/strong><br \/>\nUnderwater Rugby. 24-26. Berlin, Germany\u00a0\ud83c\udde9\ud83c\uddea<\/p>\n<p style=\"text-align: center;\"><a href=\"https:\/\/www.sportalsub.net\/en\/cmas-asia-finswimming-thailand-2023\/\"><strong>18\u00b0 CMAS Asian Championship and 6\u00b0 Junior Competiton<\/strong><\/a> <strong>\u2705<\/strong><br \/>\nFinswimming (indoor-pool). 24-28. Phuket, Thailand \ud83c\uddf9\ud83c\udded<\/p>\n<p style=\"text-align: center;\"><a href=\"https:\/\/www.sportalsub.net\/en\/dahab-open-freediving-egypt-2023\/\"><strong>Dahab Open Championship<\/strong><\/a> <strong>\u2705<\/strong><br \/>\nFreediving (depth). 24-28. Dahab, Egypt \ud83c\uddea\ud83c\uddec<\/p>\n<hr \/>\n<h3 style=\"text-align: center;\">December 2023<\/h3>\n<p style=\"text-align: center;\"><strong><a href=\"https:\/\/www.sportalsub.net\/en\/unu-tampa-bay-freediving-2023-usa\">UNU Tampa bay Challenge<\/a> \u2705<br \/>\n<\/strong>Freediving (indoor-pool). 1-3. Tampa, USA \ud83c\uddfa\ud83c\uddf8<\/p>\n<p style=\"text-align: center;\"><a href=\"https:\/\/www.sportalsub.net\/en\/finswimming-juniors-2023-hungary\"><strong>CMAS Finswimming Juniors World Cup<\/strong><\/a> <strong>\u2705<\/strong><br \/>\nFinswimming (pool). 2-3. Kecskem\u00e9t, Hungary \ud83c\udded\ud83c\uddfa<\/p>\n<p style=\"text-align: center;\"><a href=\"https:\/\/www.sportalsub.net\/en\/sport-diving-portugal-2023\"><strong>1st International Club Cup<\/strong><\/a><br \/>\nSport Diving. 8-10. Vila Franca de Xira, Portugal \ud83c\uddf5\ud83c\uddf9<\/p>\n<p style=\"text-align: center;\"><a href=\"https:\/\/www.sportalsub.net\/en\/hohohockey-2023\/\"><strong>4&#215;4 International Tournament &#8220;HoHoHockey 2023&#8221;<\/strong><\/a> <strong>\u2705<\/strong><br \/>\nUnderwater Hockey. 9. Bilzen, Belgium \ud83c\udde7\ud83c\uddea<\/p>\n<p style=\"text-align: center;\"><a href=\"https:\/\/www.sportalsub.net\/en\/finswimming-uwrugby-brasil-2023\"class=\"\"  target=\"_blank\" rel=\"noopener\"><strong>1\u00b0 Brazilian Championship<\/strong><\/a><strong>\u00a0\u2705<\/strong><a class=\"\" href=\"https:\/\/www.sportalsub.net\/blog\/finswimming-uwrugby-brasil-2023\" target=\"_blank\" rel=\"noopener\"><br \/>\n<\/a>Finswimming and Underwater Rugby. 22. Rio de Janeiro, Brazil \ud83c\udde7\ud83c\uddf7<\/p>\n<hr \/>\n<p><strong><a href=\"http:\/\/www.sportalsub.net\/en\/calendar-2022\/\">&lt;&lt; Back to Year 2022<\/a>\u00a0 \u00a0\u00a0<a href=\"http:\/\/www.sportalsub.net\/en\/calendar\/\">Go to Year 2024 &gt;&gt;<\/a><\/strong><\/p>\n","protected":false},"excerpt":{"rendered":"<p>&lt;&lt; Back to Year 2022\u00a0 \u00a0\u00a0Go to Year 2024 &gt;&gt; YEAR 2023 January 2023 Semana Master Internacional CMAS World Cup \u2705 Spearfishing. 26-29. Palma de Mallorca, Spain\u00a0\ud83c\uddea\ud83c\uddf8 February 2023 \u00a0Australian Finswimming Championships 2023 \u2705 Finswimming (pool). 18-19. Gold Coast, Australia \ud83c\udde6\ud83c\uddfa 12th\/1.MCM-Diamant Cup \u2705 Finswimming (pool). 25. Kaposv\u00e1r, Hungary \ud83c\udded\ud83c\uddfa March 2023 XVII CMAS World Cup Round 1 \u2705 Finswimming [&#8230;]<\/p>\n","protected":false},"author":1,"featured_media":0,"parent":0,"menu_order":0,"comment_status":"closed","ping_status":"closed","template":"","meta":{"_lmt_disableupdate":"no","_lmt_disable":"no","jetpack_post_was_ever_published":false,"footnotes":""},"class_list":["post-68872","page","type-page","status-publish","hentry"],"jetpack_shortlink":"https:\/\/wp.me\/P59VZb-hUQ","jetpack_sharing_enabled":true,"jetpack-related-posts":[{"id":111037,"url":"https:\/\/www.sportalsub.net\/en\/calendar-2025\/","url_meta":{"origin":68872,"position":0},"title":"\ud83d\udcc5  World Underwater Sports Calendar 2025","author":"sportalsub","date":"December 21, 2025","format":false,"excerpt":"<< Results 2024 \u00a0\u2013 Events 2026 >> 2025 << Results 2024\u00a0 \u2013\u00a0Events 2026 >> CMAS CALENDAR - AIDA CALENDAR Do you want to publish or promote your underwater sport event, tournament or competition on Sportalsub.net? \u2013 Contact us","rel":"","context":"Similar post","block_context":{"text":"Similar post","link":""},"img":{"alt_text":"","src":"https:\/\/i0.wp.com\/www.sportalsub.net\/en\/wp-content\/uploads\/2018\/02\/worldcalendar.jpg?resize=350%2C200","width":350,"height":200,"srcset":"https:\/\/i0.wp.com\/www.sportalsub.net\/en\/wp-content\/uploads\/2018\/02\/worldcalendar.jpg?resize=350%2C200 1x, https:\/\/i0.wp.com\/www.sportalsub.net\/en\/wp-content\/uploads\/2018\/02\/worldcalendar.jpg?resize=525%2C300 1.5x, https:\/\/i0.wp.com\/www.sportalsub.net\/en\/wp-content\/uploads\/2018\/02\/worldcalendar.jpg?resize=700%2C400 2x"},"classes":[]},{"id":48685,"url":"https:\/\/www.sportalsub.net\/en\/calendar-2022\/","url_meta":{"origin":68872,"position":1},"title":"\ud83d\udcc5 World Underwater Sports Calendar 2022","author":"sportalsub","date":"November 30, 2022","format":false,"excerpt":"<< Back to Year 2021\u00a0 \u00a0\u00a0Go to Year 2023 >> YEAR 2022 January 2022 Canceled - Semana Master Internacional CMAS World Cup \u26d4 Spearfishing. Palma de Mallorca, Spain\u00a0\ud83c\uddea\ud83c\uddf8 February 2022 Canceled - Tanzania Finswimming International Conference\u00a0 \u26d4 Finswimming. 12-13. Dar Es Salaam, Tanzania \ud83c\uddf9\ud83c\uddff CMAS World Cup Round \u2705 Finswimming\u2026","rel":"","context":"Similar post","block_context":{"text":"Similar post","link":""},"img":{"alt_text":"","src":"https:\/\/i0.wp.com\/www.sportalsub.net\/en\/wp-content\/uploads\/2018\/02\/worldcalendar.jpg?resize=350%2C200","width":350,"height":200,"srcset":"https:\/\/i0.wp.com\/www.sportalsub.net\/en\/wp-content\/uploads\/2018\/02\/worldcalendar.jpg?resize=350%2C200 1x, https:\/\/i0.wp.com\/www.sportalsub.net\/en\/wp-content\/uploads\/2018\/02\/worldcalendar.jpg?resize=525%2C300 1.5x, https:\/\/i0.wp.com\/www.sportalsub.net\/en\/wp-content\/uploads\/2018\/02\/worldcalendar.jpg?resize=700%2C400 2x"},"classes":[]},{"id":75532,"url":"https:\/\/www.sportalsub.net\/en\/calendar-2024\/","url_meta":{"origin":68872,"position":2},"title":"\ud83d\udcc5 World Underwater Sports Calendar 2024","author":"sportalsub","date":"March 2, 2024","format":false,"excerpt":"<< Results 2023 - Coming Events 2025 >> Results 2024 << Results 2023 - Coming Events 2025 >>","rel":"","context":"Similar post","block_context":{"text":"Similar post","link":""},"img":{"alt_text":"","src":"https:\/\/i0.wp.com\/www.sportalsub.net\/en\/wp-content\/uploads\/2018\/02\/worldcalendar.jpg?resize=350%2C200","width":350,"height":200,"srcset":"https:\/\/i0.wp.com\/www.sportalsub.net\/en\/wp-content\/uploads\/2018\/02\/worldcalendar.jpg?resize=350%2C200 1x, https:\/\/i0.wp.com\/www.sportalsub.net\/en\/wp-content\/uploads\/2018\/02\/worldcalendar.jpg?resize=525%2C300 1.5x, https:\/\/i0.wp.com\/www.sportalsub.net\/en\/wp-content\/uploads\/2018\/02\/worldcalendar.jpg?resize=700%2C400 2x"},"classes":[]},{"id":29463,"url":"https:\/\/www.sportalsub.net\/en\/calendar-2021\/","url_meta":{"origin":68872,"position":3},"title":"\ud83c\udf0e World Underwater Sports Calendar 2021","author":"sportalsub","date":"December 21, 2021","format":false,"excerpt":"<< Back to Year 2020\u00a0\u00a0\u00a0\u00a0Go to Year 2022 >> YEAR 2021 January 2021 Walid Boudhiaf AIDA World Record Attempts\u00a0\u2705 Freediving (outdoor). 17-26. Sharm El Sheik, Egypt\u00a0\ud83c\uddea\ud83c\uddec Alejandro Lemus CMAS World Record Attempts\u00a0\u2705 Freediving (outdoor). 23-26. Yucat\u00e1n, M\u00e9xico\u00a0\ud83c\uddf2\ud83c\uddfd February 2021 CMAS World Cup Round\u00a0\u26d4 Finswimming (pool). 13-14. Poznan, Poland\u00a0\ud83c\uddf5\ud83c\uddf1 March 2021\u2026","rel":"","context":"Similar post","block_context":{"text":"Similar post","link":""},"img":{"alt_text":"","src":"https:\/\/i0.wp.com\/www.sportalsub.net\/en\/wp-content\/uploads\/2018\/02\/worldcalendar.jpg?resize=350%2C200","width":350,"height":200,"srcset":"https:\/\/i0.wp.com\/www.sportalsub.net\/en\/wp-content\/uploads\/2018\/02\/worldcalendar.jpg?resize=350%2C200 1x, https:\/\/i0.wp.com\/www.sportalsub.net\/en\/wp-content\/uploads\/2018\/02\/worldcalendar.jpg?resize=525%2C300 1.5x, https:\/\/i0.wp.com\/www.sportalsub.net\/en\/wp-content\/uploads\/2018\/02\/worldcalendar.jpg?resize=700%2C400 2x"},"classes":[]},{"id":3103,"url":"https:\/\/www.sportalsub.net\/en\/calendar\/","url_meta":{"origin":68872,"position":4},"title":"\ud83d\udcc5 World Underwater Sports Calendar","author":"sportalsub","date":"February 8, 2018","format":false,"excerpt":"Versi\u00f3n en Espa\u00f1ol << Results 2025\u00a0 2026 2027 CMAS Panamerican Championships 2027 Freediving and Finswimming (indoor) (to be defined) Rio de Janeiro, Brasil \ud83c\udde7\ud83c\uddf7 << Results 2025\u00a0 CMAS CALENDAR - AIDA CALENDAR Do you want to publish or promote your underwater sport event, tournament or competition on Sportalsub.net? \u2013 Contact\u2026","rel":"","context":"Similar post","block_context":{"text":"Similar post","link":""},"img":{"alt_text":"","src":"https:\/\/i0.wp.com\/www.sportalsub.net\/en\/wp-content\/uploads\/2018\/02\/worldcalendar.jpg?resize=350%2C200","width":350,"height":200,"srcset":"https:\/\/i0.wp.com\/www.sportalsub.net\/en\/wp-content\/uploads\/2018\/02\/worldcalendar.jpg?resize=350%2C200 1x, https:\/\/i0.wp.com\/www.sportalsub.net\/en\/wp-content\/uploads\/2018\/02\/worldcalendar.jpg?resize=525%2C300 1.5x, https:\/\/i0.wp.com\/www.sportalsub.net\/en\/wp-content\/uploads\/2018\/02\/worldcalendar.jpg?resize=700%2C400 2x"},"classes":[]},{"id":18990,"url":"https:\/\/www.sportalsub.net\/en\/calendar-2020\/","url_meta":{"origin":68872,"position":5},"title":"\ud83c\udf0e World Underwater Sports Calendar 2020","author":"sportalsub","date":"December 16, 2020","format":false,"excerpt":"<< Back to Year 2019 \u00a0 \u00a0Go to Year 2021 >> YEAR 2020 January 2020 Semana Master Internacional CMAS World Cup \u2714\ufe0f Spearfishing. 24-25. Palma de Mallorca, Spain \ud83c\uddea\ud83c\uddf8 February 2020 European League 2019-2020 Round 2 \u2714\ufe0f Underwater Rugby. 15-16. Belgrade, Serbia \ud83c\uddf7\ud83c\uddf8 CMAS World Cup Round 1 \u2714\ufe0f Finswimming\u2026","rel":"","context":"Similar post","block_context":{"text":"Similar post","link":""},"img":{"alt_text":"","src":"https:\/\/i0.wp.com\/www.sportalsub.net\/en\/wp-content\/uploads\/2018\/02\/worldcalendar.jpg?resize=350%2C200","width":350,"height":200,"srcset":"https:\/\/i0.wp.com\/www.sportalsub.net\/en\/wp-content\/uploads\/2018\/02\/worldcalendar.jpg?resize=350%2C200 1x, https:\/\/i0.wp.com\/www.sportalsub.net\/en\/wp-content\/uploads\/2018\/02\/worldcalendar.jpg?resize=525%2C300 1.5x, https:\/\/i0.wp.com\/www.sportalsub.net\/en\/wp-content\/uploads\/2018\/02\/worldcalendar.jpg?resize=700%2C400 2x"},"classes":[]}],"_links":{"self":[{"href":"https:\/\/www.sportalsub.net\/en\/wp-json\/wp\/v2\/pages\/68872","targetHints":{"allow":["GET"]}}],"collection":[{"href":"https:\/\/www.sportalsub.net\/en\/wp-json\/wp\/v2\/pages"}],"about":[{"href":"https:\/\/www.sportalsub.net\/en\/wp-json\/wp\/v2\/types\/page"}],"author":[{"embeddable":true,"href":"https:\/\/www.sportalsub.net\/en\/wp-json\/wp\/v2\/users\/1"}],"replies":[{"embeddable":true,"href":"https:\/\/www.sportalsub.net\/en\/wp-json\/wp\/v2\/comments?post=68872"}],"version-history":[{"count":4,"href":"https:\/\/www.sportalsub.net\/en\/wp-json\/wp\/v2\/pages\/68872\/revisions"}],"predecessor-version":[{"id":79628,"href":"https:\/\/www.sportalsub.net\/en\/wp-json\/wp\/v2\/pages\/68872\/revisions\/79628"}],"wp:attachment":[{"href":"https:\/\/www.sportalsub.net\/en\/wp-json\/wp\/v2\/media?parent=68872"}],"curies":[{"name":"wp","href":"https:\/\/api.w.org\/{rel}","templated":true}]}}